{"id":10,"date":"2025-05-19T09:43:55","date_gmt":"2025-05-19T09:43:55","guid":{"rendered":"https:\/\/www.fredy.innovaiestp.org\/?page_id=10"},"modified":"2025-05-27T03:46:49","modified_gmt":"2025-05-27T03:46:49","slug":"sobre-nosotros","status":"publish","type":"page","link":"https:\/\/www.fredy.innovaiestp.org\/index.php\/sobre-nosotros\/","title":{"rendered":"2_QUIENES SOMOS"},"content":{"rendered":"\n<p class=\"has-text-align-center has-large-font-size\"><strong>QUIENES SOMOS<\/strong><\/p>\n\n\n\n<p>Somos un equipo apasionado por la educaci\u00f3n y convencido de que el conocimiento transforma vidas. Este blog nace con el prop\u00f3sito de brindar informaci\u00f3n, recursos y reflexiones que contribuyan al fortalecimiento del sistema educativo en el Per\u00fa.<\/p>\n\n\n\n<p>Aqu\u00ed compartimos contenidos sobre pedagog\u00eda, innovaci\u00f3n educativa, pol\u00edticas p\u00fablicas, experiencias de aula, tecnolog\u00eda educativa y todo lo que sume al crecimiento de estudiantes, docentes y familias peruanas.<\/p>\n\n\n\n<figure class=\"wp-block-gallery has-nested-images columns-default is-cropped wp-block-gallery-1 is-layout-flex wp-block-gallery-is-layout-flex\">\n<figure class=\"wp-block-image size-large\"><img fetchpriority=\"high\" decoding=\"async\" width=\"275\" height=\"183\" data-id=\"120\" src=\"https:\/\/www.fredy.innovaiestp.org\/wp-content\/uploads\/2025\/05\/DOCENTES_02.jpg\" alt=\"\" class=\"wp-image-120\"\/><\/figure>\n\n\n\n<figure class=\"wp-block-image size-large\"><img decoding=\"async\" width=\"300\" height=\"168\" data-id=\"119\" src=\"https:\/\/www.fredy.innovaiestp.org\/wp-content\/uploads\/2025\/05\/DOCENTES.jpg\" alt=\"\" class=\"wp-image-119\"\/><\/figure>\n<\/figure>\n\n\n\n<p><strong>\u00bfPor qu\u00e9 lo hacemos?<\/strong><br>Creemos firmemente en una educaci\u00f3n inclusiva, cr\u00edtica, contextualizada y de calidad. Sabemos que existen desaf\u00edos, pero tambi\u00e9n vemos oportunidades para aprender, mejorar y construir una educaci\u00f3n m\u00e1s justa para todos y todas.<\/p>\n\n\n\n<p><strong><a href=\"https:\/\/www.fredy.innovaiestp.org\/index.php\/sobre-nosotros\/mision-y-vision\/\">Nuestra misi\u00f3n<\/a><\/strong><br>Promover el di\u00e1logo educativo y aportar herramientas \u00fatiles para quienes ense\u00f1an, aprenden y sue\u00f1an con un mejor futuro desde las aulas del Per\u00fa.<\/p>\n\n\n\n<p><strong><a href=\"https:\/\/www.fredy.innovaiestp.org\/index.php\/sobre-nosotros\/mision-y-vision\/\">Nuestra visi\u00f3n<\/a><\/strong><br>Ser un espacio de referencia en temas educativos a nivel nacional, donde la experiencia de la comunidad educativa peruana sea escuchada, valorada y compartida.<\/p>\n\n\n\n<p><strong>\u00bfQui\u00e9nes est\u00e1n detr\u00e1s?<\/strong><br>Somos docentes, investigadores, comunicadores, estudiantes y ciudadanos comprometidos con la mejora continua de la educaci\u00f3n. Desde distintas regiones del Per\u00fa, aportamos nuestras voces para construir una red que impulse el aprendizaje y la transformaci\u00f3n social.<\/p>\n\n\n\n<figure class=\"wp-block-gallery has-nested-images columns-2 is-cropped wp-block-gallery-2 is-layout-flex wp-block-gallery-is-layout-flex\">\n<figure class=\"wp-block-image size-large\"><img decoding=\"async\" width=\"275\" height=\"183\" data-id=\"113\" src=\"https:\/\/www.fredy.innovaiestp.org\/wp-content\/uploads\/2025\/05\/aulas.jpg\" alt=\"\" class=\"wp-image-113\"\/><\/figure>\n\n\n\n<figure class=\"wp-block-image size-large\"><img loading=\"lazy\" decoding=\"async\" width=\"259\" height=\"194\" data-id=\"217\" src=\"https:\/\/www.fredy.innovaiestp.org\/wp-content\/uploads\/2025\/05\/local_02.jpg\" alt=\"\" class=\"wp-image-217\"\/><\/figure>\n\n\n\n<figure class=\"wp-block-image size-large\"><img loading=\"lazy\" decoding=\"async\" width=\"1024\" height=\"501\" data-id=\"130\" src=\"https:\/\/www.fredy.innovaiestp.org\/wp-content\/uploads\/2025\/05\/slider-3-1024x501.jpg\" alt=\"\" class=\"wp-image-130\" srcset=\"https:\/\/www.fredy.innovaiestp.org\/wp-content\/uploads\/2025\/05\/slider-3-1024x501.jpg 1024w, https:\/\/www.fredy.innovaiestp.org\/wp-content\/uploads\/2025\/05\/slider-3-300x147.jpg 300w, https:\/\/www.fredy.innovaiestp.org\/wp-content\/uploads\/2025\/05\/slider-3-768x376.jpg 768w, https:\/\/www.fredy.innovaiestp.org\/wp-content\/uploads\/2025\/05\/slider-3-1536x752.jpg 1536w, https:\/\/www.fredy.innovaiestp.org\/wp-content\/uploads\/2025\/05\/slider-3-2048x1002.jpg 2048w, https:\/\/www.fredy.innovaiestp.org\/wp-content\/uploads\/2025\/05\/slider-3-400x196.jpg 400w\" sizes=\"(max-width: 1024px) 100vw, 1024px\" \/><\/figure>\n<\/figure>\n\n\n\n<div class=\"wp-block-buttons is-layout-flex wp-block-buttons-is-layout-flex\">\n<div class=\"wp-block-button\"><a class=\"wp-block-button__link has-red-background-color has-background wp-element-button\" href=\"https:\/\/www.fredy.innovaiestp.org\/\" style=\"border-radius:38px\">VOLVER A INICIO<\/a><\/div>\n<\/div>\n\n\n\n<p><\/p>\n","protected":false},"excerpt":{"rendered":"<p>QUIENES SOMOS Somos un equipo apasionado por la educaci\u00f3n y convencido de que el conocimiento transforma vidas. Este blog nace con el prop\u00f3sito de brindar informaci\u00f3n, recursos y reflexiones que contribuyan al fortalecimiento del sistema educativo en el Per\u00fa. Aqu\u00ed compartimos contenidos sobre pedagog\u00eda, innovaci\u00f3n educativa, pol\u00edticas p\u00fablicas, experiencias de aula, tecnolog\u00eda educativa y todo [&hellip;]<\/p>\n","protected":false},"author":1,"featured_media":129,"parent":0,"menu_order":0,"comment_status":"closed","ping_status":"closed","template":"","meta":{"footnotes":""},"class_list":["post-10","page","type-page","status-publish","has-post-thumbnail","hentry"],"yoast_head":"<!-- This site is optimized with the Yoast SEO plugin v25.1 - https:\/\/yoast.com\/wordpress\/plugins\/seo\/ -->\n<title>2_QUIENES SOMOS - INSTITUCION EDUCATIVA TUPAQ KATARI SOCCA<\/title>\n<meta name=\"robots\" content=\"index, follow, max-snippet:-1, max-image-preview:large, max-video-preview:-1\" \/>\n<link rel=\"canonical\" href=\"https:\/\/www.fredy.innovaiestp.org\/index.php\/sobre-nosotros\/\" \/>\n<meta property=\"og:locale\" content=\"es_ES\" \/>\n<meta property=\"og:type\" content=\"article\" \/>\n<meta property=\"og:title\" content=\"2_QUIENES SOMOS - INSTITUCION EDUCATIVA TUPAQ KATARI SOCCA\" \/>\n<meta property=\"og:description\" content=\"QUIENES SOMOS Somos un equipo apasionado por la educaci\u00f3n y convencido de que el conocimiento transforma vidas. Este blog nace con el prop\u00f3sito de brindar informaci\u00f3n, recursos y reflexiones que contribuyan al fortalecimiento del sistema educativo en el Per\u00fa. Aqu\u00ed compartimos contenidos sobre pedagog\u00eda, innovaci\u00f3n educativa, pol\u00edticas p\u00fablicas, experiencias de aula, tecnolog\u00eda educativa y todo [&hellip;]\" \/>\n<meta property=\"og:url\" content=\"https:\/\/www.fredy.innovaiestp.org\/index.php\/sobre-nosotros\/\" \/>\n<meta property=\"og:site_name\" content=\"INSTITUCION EDUCATIVA TUPAQ KATARI SOCCA\" \/>\n<meta property=\"article:modified_time\" content=\"2025-05-27T03:46:49+00:00\" \/>\n<meta property=\"og:image\" content=\"https:\/\/www.fredy.innovaiestp.org\/wp-content\/uploads\/2025\/05\/SLIDER-2.jpg\" \/>\n\t<meta property=\"og:image:width\" content=\"1476\" \/>\n\t<meta property=\"og:image:height\" content=\"544\" \/>\n\t<meta property=\"og:image:type\" content=\"image\/jpeg\" \/>\n<meta name=\"twitter:card\" content=\"summary_large_image\" \/>\n<meta name=\"twitter:label1\" content=\"Tiempo de lectura\" \/>\n\t<meta name=\"twitter:data1\" content=\"3 minutos\" \/>\n<script type=\"application\/ld+json\" class=\"yoast-schema-graph\">{\"@context\":\"https:\/\/schema.org\",\"@graph\":[{\"@type\":\"WebPage\",\"@id\":\"https:\/\/www.fredy.innovaiestp.org\/index.php\/sobre-nosotros\/\",\"url\":\"https:\/\/www.fredy.innovaiestp.org\/index.php\/sobre-nosotros\/\",\"name\":\"2_QUIENES SOMOS - INSTITUCION EDUCATIVA TUPAQ KATARI SOCCA\",\"isPartOf\":{\"@id\":\"https:\/\/www.fredy.innovaiestp.org\/#website\"},\"primaryImageOfPage\":{\"@id\":\"https:\/\/www.fredy.innovaiestp.org\/index.php\/sobre-nosotros\/#primaryimage\"},\"image\":{\"@id\":\"https:\/\/www.fredy.innovaiestp.org\/index.php\/sobre-nosotros\/#primaryimage\"},\"thumbnailUrl\":\"https:\/\/www.fredy.innovaiestp.org\/wp-content\/uploads\/2025\/05\/SLIDER-2.jpg\",\"datePublished\":\"2025-05-19T09:43:55+00:00\",\"dateModified\":\"2025-05-27T03:46:49+00:00\",\"breadcrumb\":{\"@id\":\"https:\/\/www.fredy.innovaiestp.org\/index.php\/sobre-nosotros\/#breadcrumb\"},\"inLanguage\":\"es\",\"potentialAction\":[{\"@type\":\"ReadAction\",\"target\":[\"https:\/\/www.fredy.innovaiestp.org\/index.php\/sobre-nosotros\/\"]}]},{\"@type\":\"ImageObject\",\"inLanguage\":\"es\",\"@id\":\"https:\/\/www.fredy.innovaiestp.org\/index.php\/sobre-nosotros\/#primaryimage\",\"url\":\"https:\/\/www.fredy.innovaiestp.org\/wp-content\/uploads\/2025\/05\/SLIDER-2.jpg\",\"contentUrl\":\"https:\/\/www.fredy.innovaiestp.org\/wp-content\/uploads\/2025\/05\/SLIDER-2.jpg\",\"width\":1476,\"height\":544},{\"@type\":\"BreadcrumbList\",\"@id\":\"https:\/\/www.fredy.innovaiestp.org\/index.php\/sobre-nosotros\/#breadcrumb\",\"itemListElement\":[{\"@type\":\"ListItem\",\"position\":1,\"name\":\"Portada\",\"item\":\"https:\/\/www.fredy.innovaiestp.org\/\"},{\"@type\":\"ListItem\",\"position\":2,\"name\":\"2_QUIENES SOMOS\"}]},{\"@type\":\"WebSite\",\"@id\":\"https:\/\/www.fredy.innovaiestp.org\/#website\",\"url\":\"https:\/\/www.fredy.innovaiestp.org\/\",\"name\":\"INSTITUCION EDUCATIVA TUPAQ KATARI SOCCA\",\"description\":\"Colegio de jornada escolar completa (jec) es una pol\u00edtica educativa implementada por el Ministerio de Educaci\u00f3n del Per\u00fa desde el a\u00f1o 2015. Su objetivo principal es mejorar la calidad del aprendizaje en las instituciones educativas p\u00fablicas de nivel secundario.\",\"publisher\":{\"@id\":\"https:\/\/www.fredy.innovaiestp.org\/#organization\"},\"potentialAction\":[{\"@type\":\"SearchAction\",\"target\":{\"@type\":\"EntryPoint\",\"urlTemplate\":\"https:\/\/www.fredy.innovaiestp.org\/?s={search_term_string}\"},\"query-input\":{\"@type\":\"PropertyValueSpecification\",\"valueRequired\":true,\"valueName\":\"search_term_string\"}}],\"inLanguage\":\"es\"},{\"@type\":\"Organization\",\"@id\":\"https:\/\/www.fredy.innovaiestp.org\/#organization\",\"name\":\"INSTITUCION EDUCATIVA TUPAQ KATARI SOCCA\",\"url\":\"https:\/\/www.fredy.innovaiestp.org\/\",\"logo\":{\"@type\":\"ImageObject\",\"inLanguage\":\"es\",\"@id\":\"https:\/\/www.fredy.innovaiestp.org\/#\/schema\/logo\/image\/\",\"url\":\"https:\/\/www.fredy.innovaiestp.org\/wp-content\/uploads\/2025\/05\/cropped-insignia-tk-1.png\",\"contentUrl\":\"https:\/\/www.fredy.innovaiestp.org\/wp-content\/uploads\/2025\/05\/cropped-insignia-tk-1.png\",\"width\":50,\"height\":50,\"caption\":\"INSTITUCION EDUCATIVA TUPAQ KATARI SOCCA\"},\"image\":{\"@id\":\"https:\/\/www.fredy.innovaiestp.org\/#\/schema\/logo\/image\/\"}}]}<\/script>\n<!-- \/ Yoast SEO plugin. -->","yoast_head_json":{"title":"2_QUIENES SOMOS - INSTITUCION EDUCATIVA TUPAQ KATARI SOCCA","robots":{"index":"index","follow":"follow","max-snippet":"max-snippet:-1","max-image-preview":"max-image-preview:large","max-video-preview":"max-video-preview:-1"},"canonical":"https:\/\/www.fredy.innovaiestp.org\/index.php\/sobre-nosotros\/","og_locale":"es_ES","og_type":"article","og_title":"2_QUIENES SOMOS - INSTITUCION EDUCATIVA TUPAQ KATARI SOCCA","og_description":"QUIENES SOMOS Somos un equipo apasionado por la educaci\u00f3n y convencido de que el conocimiento transforma vidas. Este blog nace con el prop\u00f3sito de brindar informaci\u00f3n, recursos y reflexiones que contribuyan al fortalecimiento del sistema educativo en el Per\u00fa. Aqu\u00ed compartimos contenidos sobre pedagog\u00eda, innovaci\u00f3n educativa, pol\u00edticas p\u00fablicas, experiencias de aula, tecnolog\u00eda educativa y todo [&hellip;]","og_url":"https:\/\/www.fredy.innovaiestp.org\/index.php\/sobre-nosotros\/","og_site_name":"INSTITUCION EDUCATIVA TUPAQ KATARI SOCCA","article_modified_time":"2025-05-27T03:46:49+00:00","og_image":[{"width":1476,"height":544,"url":"https:\/\/www.fredy.innovaiestp.org\/wp-content\/uploads\/2025\/05\/SLIDER-2.jpg","type":"image\/jpeg"}],"twitter_card":"summary_large_image","twitter_misc":{"Tiempo de lectura":"3 minutos"},"schema":{"@context":"https:\/\/schema.org","@graph":[{"@type":"WebPage","@id":"https:\/\/www.fredy.innovaiestp.org\/index.php\/sobre-nosotros\/","url":"https:\/\/www.fredy.innovaiestp.org\/index.php\/sobre-nosotros\/","name":"2_QUIENES SOMOS - INSTITUCION EDUCATIVA TUPAQ KATARI SOCCA","isPartOf":{"@id":"https:\/\/www.fredy.innovaiestp.org\/#website"},"primaryImageOfPage":{"@id":"https:\/\/www.fredy.innovaiestp.org\/index.php\/sobre-nosotros\/#primaryimage"},"image":{"@id":"https:\/\/www.fredy.innovaiestp.org\/index.php\/sobre-nosotros\/#primaryimage"},"thumbnailUrl":"https:\/\/www.fredy.innovaiestp.org\/wp-content\/uploads\/2025\/05\/SLIDER-2.jpg","datePublished":"2025-05-19T09:43:55+00:00","dateModified":"2025-05-27T03:46:49+00:00","breadcrumb":{"@id":"https:\/\/www.fredy.innovaiestp.org\/index.php\/sobre-nosotros\/#breadcrumb"},"inLanguage":"es","potentialAction":[{"@type":"ReadAction","target":["https:\/\/www.fredy.innovaiestp.org\/index.php\/sobre-nosotros\/"]}]},{"@type":"ImageObject","inLanguage":"es","@id":"https:\/\/www.fredy.innovaiestp.org\/index.php\/sobre-nosotros\/#primaryimage","url":"https:\/\/www.fredy.innovaiestp.org\/wp-content\/uploads\/2025\/05\/SLIDER-2.jpg","contentUrl":"https:\/\/www.fredy.innovaiestp.org\/wp-content\/uploads\/2025\/05\/SLIDER-2.jpg","width":1476,"height":544},{"@type":"BreadcrumbList","@id":"https:\/\/www.fredy.innovaiestp.org\/index.php\/sobre-nosotros\/#breadcrumb","itemListElement":[{"@type":"ListItem","position":1,"name":"Portada","item":"https:\/\/www.fredy.innovaiestp.org\/"},{"@type":"ListItem","position":2,"name":"2_QUIENES SOMOS"}]},{"@type":"WebSite","@id":"https:\/\/www.fredy.innovaiestp.org\/#website","url":"https:\/\/www.fredy.innovaiestp.org\/","name":"INSTITUCION EDUCATIVA TUPAQ KATARI SOCCA","description":"Colegio de jornada escolar completa (jec) es una pol\u00edtica educativa implementada por el Ministerio de Educaci\u00f3n del Per\u00fa desde el a\u00f1o 2015. Su objetivo principal es mejorar la calidad del aprendizaje en las instituciones educativas p\u00fablicas de nivel secundario.","publisher":{"@id":"https:\/\/www.fredy.innovaiestp.org\/#organization"},"potentialAction":[{"@type":"SearchAction","target":{"@type":"EntryPoint","urlTemplate":"https:\/\/www.fredy.innovaiestp.org\/?s={search_term_string}"},"query-input":{"@type":"PropertyValueSpecification","valueRequired":true,"valueName":"search_term_string"}}],"inLanguage":"es"},{"@type":"Organization","@id":"https:\/\/www.fredy.innovaiestp.org\/#organization","name":"INSTITUCION EDUCATIVA TUPAQ KATARI SOCCA","url":"https:\/\/www.fredy.innovaiestp.org\/","logo":{"@type":"ImageObject","inLanguage":"es","@id":"https:\/\/www.fredy.innovaiestp.org\/#\/schema\/logo\/image\/","url":"https:\/\/www.fredy.innovaiestp.org\/wp-content\/uploads\/2025\/05\/cropped-insignia-tk-1.png","contentUrl":"https:\/\/www.fredy.innovaiestp.org\/wp-content\/uploads\/2025\/05\/cropped-insignia-tk-1.png","width":50,"height":50,"caption":"INSTITUCION EDUCATIVA TUPAQ KATARI SOCCA"},"image":{"@id":"https:\/\/www.fredy.innovaiestp.org\/#\/schema\/logo\/image\/"}}]}},"_links":{"self":[{"href":"https:\/\/www.fredy.innovaiestp.org\/index.php\/wp-json\/wp\/v2\/pages\/10","targetHints":{"allow":["GET"]}}],"collection":[{"href":"https:\/\/www.fredy.innovaiestp.org\/index.php\/wp-json\/wp\/v2\/pages"}],"about":[{"href":"https:\/\/www.fredy.innovaiestp.org\/index.php\/wp-json\/wp\/v2\/types\/page"}],"author":[{"embeddable":true,"href":"https:\/\/www.fredy.innovaiestp.org\/index.php\/wp-json\/wp\/v2\/users\/1"}],"replies":[{"embeddable":true,"href":"https:\/\/www.fredy.innovaiestp.org\/index.php\/wp-json\/wp\/v2\/comments?post=10"}],"version-history":[{"count":13,"href":"https:\/\/www.fredy.innovaiestp.org\/index.php\/wp-json\/wp\/v2\/pages\/10\/revisions"}],"predecessor-version":[{"id":315,"href":"https:\/\/www.fredy.innovaiestp.org\/index.php\/wp-json\/wp\/v2\/pages\/10\/revisions\/315"}],"wp:featuredmedia":[{"embeddable":true,"href":"https:\/\/www.fredy.innovaiestp.org\/index.php\/wp-json\/wp\/v2\/media\/129"}],"wp:attachment":[{"href":"https:\/\/www.fredy.innovaiestp.org\/index.php\/wp-json\/wp\/v2\/media?parent=10"}],"curies":[{"name":"wp","href":"https:\/\/api.w.org\/{rel}","templated":true}]}}