{"id":158,"date":"2025-05-20T16:11:21","date_gmt":"2025-05-20T16:11:21","guid":{"rendered":"https:\/\/www.fredy.innovaiestp.org\/?page_id=158"},"modified":"2025-05-27T14:13:54","modified_gmt":"2025-05-27T14:13:54","slug":"fuentes","status":"publish","type":"page","link":"https:\/\/www.fredy.innovaiestp.org\/index.php\/3-2\/fuentes\/","title":{"rendered":"FUENTES"},"content":{"rendered":"\n<h1 class=\"wp-block-heading has-text-align-center has-text-color has-link-color has-large-font-size wp-elements-cd38d2ec755e2d966e788f2a6ca3cddd\" style=\"color:#e41515\"><strong>Fuentes de respaldo DISTRITAL<\/strong><\/h1>\n\n\n\n<ol class=\"wp-block-list\">\n<li class=\"has-navy-blue-color has-text-color has-link-color wp-elements-fca0c406f705b49196ab4aea4b735792\"><strong>Scribd \u2013 Proyectos de Inversi\u00f3n P\u00fablica del Distrito de Acora<\/strong>:<br>Documento que presenta los proyectos priorizados por la municipalidad, incluyendo mejoramientos en servicios educativos rurales.<br><\/li>\n\n\n\n<li class=\"has-navy-blue-color has-text-color has-link-color wp-elements-1b7cca0ae0e0cf1a15d5258fbd148b32\"><strong>Facebook Oficial de la Municipalidad Distrital de Acora<\/strong>:<br>Publicaciones que evidencian actividades con participaci\u00f3n de instituciones educativas.<br><a class=\"\" href=\"https:\/\/www.facebook.com\/MuniAcora\">https:\/\/www.facebook.com\/MuniAcora<\/a><\/li>\n\n\n\n<li class=\"has-navy-blue-color has-text-color has-link-color wp-elements-6a806c250d94c19837e9edaa18a80edc\"><strong>Plataforma de Transparencia Econ\u00f3mica del MEF (Consulta de inversiones locales)<\/strong>:<br>Sitio del Ministerio de Econom\u00eda y Finanzas que muestra los proyectos educativos financiados por municipalidades.<br><a>https:\/\/apps5.mineco.gob.pe\/transparencia\/Navegador\/default.aspx<\/a><\/li>\n<\/ol>\n\n\n\n<h1 class=\"wp-block-heading has-text-align-center has-red-color has-text-color has-link-color wp-elements-6608f5824fa9831cc7cf8d86c15552e8\"><strong>Fuentes de respaldo PROVINCIAL<\/strong><\/h1>\n\n\n\n<ol class=\"wp-block-list\">\n<li class=\"has-navy-blue-color has-text-color has-link-color wp-elements-81e87886e729dd24e5ced14fb0fb351a\"><strong>Municipalidad Provincial de Puno \u2013 Plan Operativo Institucional (POI)<\/strong><br>Documento oficial que detalla las l\u00edneas de acci\u00f3n en apoyo a la educaci\u00f3n y fortalecimiento institucional.<\/li>\n\n\n\n<li class=\"has-text-color has-link-color wp-elements-d56df62635e6a5d5fc0b66e313ed0ab1\" style=\"color:#17307a\"><strong>Plataforma del MEF \u2013 Consulta de proyectos por provincia<\/strong><br>Sitio del Ministerio de Econom\u00eda donde se visualiza la ejecuci\u00f3n presupuestal y proyectos educativos.<br><\/li>\n\n\n\n<li class=\"has-text-color has-link-color wp-elements-bf10d4c45d24c8f0a76c935ee833d9d2\" style=\"color:#17307a\"><strong>Facebook Oficial de la Municipalidad Provincial de Puno<\/strong><br>Espacio donde se publican actividades de promoci\u00f3n educativa, eventos y capacitaciones.<br><a class=\"\" href=\"https:\/\/www.facebook.com\/MuniPunoOficial\">https:\/\/www.facebook.com\/MuniPunoOficial<\/a><\/li>\n<\/ol>\n\n\n\n<h1 class=\"wp-block-heading has-text-align-center has-text-color has-link-color wp-elements-cff8a5b9571b6bb903ce3f7482aa6f1c\" style=\"color:#f95555\"><strong>Fuentes de respaldo REGIONAL<\/strong><\/h1>\n\n\n\n<ol class=\"wp-block-list\">\n<li><a>Direcci\u00f3n Regional de Educaci\u00f3n de Puno \u2013 DREP<\/a><\/li>\n\n\n\n<li><a>SEACE \u2013 Proyectos de infraestructura educativa regi\u00f3n Puno<\/a><\/li>\n\n\n\n<li><a class=\"\" href=\"https:\/\/www.facebook.com\/gorepuno\">Facebook Gobierno Regional de Puno \u2013 Noticias educativas<\/a><\/li>\n<\/ol>\n\n\n\n<h1 class=\"wp-block-heading has-text-align-center has-text-color has-link-color wp-elements-7e2657ac476e6432bd425e2733aae7a7\" style=\"color:#c332c5\"><strong>Fuentes de respaldo GOBIERNO CENTRAL<\/strong><\/h1>\n\n\n\n<ol class=\"wp-block-list\">\n<li><a>MINEDU \u2013 Portal oficial de programas educativos<\/a><\/li>\n\n\n\n<li><a>Banco de Inversiones \u2013 Proyectos del MINEDU en Puno<\/a><\/li>\n\n\n\n<li><a>Educaci\u00f3n Intercultural Biling\u00fce \u2013 MINEDU<\/a><\/li>\n<\/ol>\n","protected":false},"excerpt":{"rendered":"<p>Fuentes de respaldo DISTRITAL Fuentes de respaldo PROVINCIAL Fuentes de respaldo REGIONAL Fuentes de respaldo GOBIERNO CENTRAL<\/p>\n","protected":false},"author":1,"featured_media":0,"parent":33,"menu_order":0,"comment_status":"closed","ping_status":"closed","template":"","meta":{"footnotes":""},"class_list":["post-158","page","type-page","status-publish","hentry"],"yoast_head":"<!-- This site is optimized with the Yoast SEO plugin v25.1 - https:\/\/yoast.com\/wordpress\/plugins\/seo\/ -->\n<title>FUENTES - INSTITUCION EDUCATIVA TUPAQ KATARI SOCCA<\/title>\n<meta name=\"robots\" content=\"index, follow, max-snippet:-1, max-image-preview:large, max-video-preview:-1\" \/>\n<link rel=\"canonical\" href=\"https:\/\/www.fredy.innovaiestp.org\/index.php\/3-2\/fuentes\/\" \/>\n<meta property=\"og:locale\" content=\"es_ES\" \/>\n<meta property=\"og:type\" content=\"article\" \/>\n<meta property=\"og:title\" content=\"FUENTES - INSTITUCION EDUCATIVA TUPAQ KATARI SOCCA\" \/>\n<meta property=\"og:description\" content=\"Fuentes de respaldo DISTRITAL Fuentes de respaldo PROVINCIAL Fuentes de respaldo REGIONAL Fuentes de respaldo GOBIERNO CENTRAL\" \/>\n<meta property=\"og:url\" content=\"https:\/\/www.fredy.innovaiestp.org\/index.php\/3-2\/fuentes\/\" \/>\n<meta property=\"og:site_name\" content=\"INSTITUCION EDUCATIVA TUPAQ KATARI SOCCA\" \/>\n<meta property=\"article:modified_time\" content=\"2025-05-27T14:13:54+00:00\" \/>\n<meta name=\"twitter:card\" content=\"summary_large_image\" \/>\n<meta name=\"twitter:label1\" content=\"Tiempo de lectura\" \/>\n\t<meta name=\"twitter:data1\" content=\"1 minuto\" \/>\n<script type=\"application\/ld+json\" class=\"yoast-schema-graph\">{\"@context\":\"https:\/\/schema.org\",\"@graph\":[{\"@type\":\"WebPage\",\"@id\":\"https:\/\/www.fredy.innovaiestp.org\/index.php\/3-2\/fuentes\/\",\"url\":\"https:\/\/www.fredy.innovaiestp.org\/index.php\/3-2\/fuentes\/\",\"name\":\"FUENTES - INSTITUCION EDUCATIVA TUPAQ KATARI SOCCA\",\"isPartOf\":{\"@id\":\"https:\/\/www.fredy.innovaiestp.org\/#website\"},\"datePublished\":\"2025-05-20T16:11:21+00:00\",\"dateModified\":\"2025-05-27T14:13:54+00:00\",\"breadcrumb\":{\"@id\":\"https:\/\/www.fredy.innovaiestp.org\/index.php\/3-2\/fuentes\/#breadcrumb\"},\"inLanguage\":\"es\",\"potentialAction\":[{\"@type\":\"ReadAction\",\"target\":[\"https:\/\/www.fredy.innovaiestp.org\/index.php\/3-2\/fuentes\/\"]}]},{\"@type\":\"BreadcrumbList\",\"@id\":\"https:\/\/www.fredy.innovaiestp.org\/index.php\/3-2\/fuentes\/#breadcrumb\",\"itemListElement\":[{\"@type\":\"ListItem\",\"position\":1,\"name\":\"Portada\",\"item\":\"https:\/\/www.fredy.innovaiestp.org\/\"},{\"@type\":\"ListItem\",\"position\":2,\"name\":\"3_ACTUALIDAD\",\"item\":\"https:\/\/www.fredy.innovaiestp.org\/index.php\/3-2\/\"},{\"@type\":\"ListItem\",\"position\":3,\"name\":\"FUENTES\"}]},{\"@type\":\"WebSite\",\"@id\":\"https:\/\/www.fredy.innovaiestp.org\/#website\",\"url\":\"https:\/\/www.fredy.innovaiestp.org\/\",\"name\":\"INSTITUCION EDUCATIVA TUPAQ KATARI SOCCA\",\"description\":\"Colegio de jornada escolar completa (jec) es una pol\u00edtica educativa implementada por el Ministerio de Educaci\u00f3n del Per\u00fa desde el a\u00f1o 2015. Su objetivo principal es mejorar la calidad del aprendizaje en las instituciones educativas p\u00fablicas de nivel secundario.\",\"publisher\":{\"@id\":\"https:\/\/www.fredy.innovaiestp.org\/#organization\"},\"potentialAction\":[{\"@type\":\"SearchAction\",\"target\":{\"@type\":\"EntryPoint\",\"urlTemplate\":\"https:\/\/www.fredy.innovaiestp.org\/?s={search_term_string}\"},\"query-input\":{\"@type\":\"PropertyValueSpecification\",\"valueRequired\":true,\"valueName\":\"search_term_string\"}}],\"inLanguage\":\"es\"},{\"@type\":\"Organization\",\"@id\":\"https:\/\/www.fredy.innovaiestp.org\/#organization\",\"name\":\"INSTITUCION EDUCATIVA TUPAQ KATARI SOCCA\",\"url\":\"https:\/\/www.fredy.innovaiestp.org\/\",\"logo\":{\"@type\":\"ImageObject\",\"inLanguage\":\"es\",\"@id\":\"https:\/\/www.fredy.innovaiestp.org\/#\/schema\/logo\/image\/\",\"url\":\"https:\/\/www.fredy.innovaiestp.org\/wp-content\/uploads\/2025\/05\/cropped-insignia-tk-1.png\",\"contentUrl\":\"https:\/\/www.fredy.innovaiestp.org\/wp-content\/uploads\/2025\/05\/cropped-insignia-tk-1.png\",\"width\":50,\"height\":50,\"caption\":\"INSTITUCION EDUCATIVA TUPAQ KATARI SOCCA\"},\"image\":{\"@id\":\"https:\/\/www.fredy.innovaiestp.org\/#\/schema\/logo\/image\/\"}}]}<\/script>\n<!-- \/ Yoast SEO plugin. -->","yoast_head_json":{"title":"FUENTES - INSTITUCION EDUCATIVA TUPAQ KATARI SOCCA","robots":{"index":"index","follow":"follow","max-snippet":"max-snippet:-1","max-image-preview":"max-image-preview:large","max-video-preview":"max-video-preview:-1"},"canonical":"https:\/\/www.fredy.innovaiestp.org\/index.php\/3-2\/fuentes\/","og_locale":"es_ES","og_type":"article","og_title":"FUENTES - INSTITUCION EDUCATIVA TUPAQ KATARI SOCCA","og_description":"Fuentes de respaldo DISTRITAL Fuentes de respaldo PROVINCIAL Fuentes de respaldo REGIONAL Fuentes de respaldo GOBIERNO CENTRAL","og_url":"https:\/\/www.fredy.innovaiestp.org\/index.php\/3-2\/fuentes\/","og_site_name":"INSTITUCION EDUCATIVA TUPAQ KATARI SOCCA","article_modified_time":"2025-05-27T14:13:54+00:00","twitter_card":"summary_large_image","twitter_misc":{"Tiempo de lectura":"1 minuto"},"schema":{"@context":"https:\/\/schema.org","@graph":[{"@type":"WebPage","@id":"https:\/\/www.fredy.innovaiestp.org\/index.php\/3-2\/fuentes\/","url":"https:\/\/www.fredy.innovaiestp.org\/index.php\/3-2\/fuentes\/","name":"FUENTES - INSTITUCION EDUCATIVA TUPAQ KATARI SOCCA","isPartOf":{"@id":"https:\/\/www.fredy.innovaiestp.org\/#website"},"datePublished":"2025-05-20T16:11:21+00:00","dateModified":"2025-05-27T14:13:54+00:00","breadcrumb":{"@id":"https:\/\/www.fredy.innovaiestp.org\/index.php\/3-2\/fuentes\/#breadcrumb"},"inLanguage":"es","potentialAction":[{"@type":"ReadAction","target":["https:\/\/www.fredy.innovaiestp.org\/index.php\/3-2\/fuentes\/"]}]},{"@type":"BreadcrumbList","@id":"https:\/\/www.fredy.innovaiestp.org\/index.php\/3-2\/fuentes\/#breadcrumb","itemListElement":[{"@type":"ListItem","position":1,"name":"Portada","item":"https:\/\/www.fredy.innovaiestp.org\/"},{"@type":"ListItem","position":2,"name":"3_ACTUALIDAD","item":"https:\/\/www.fredy.innovaiestp.org\/index.php\/3-2\/"},{"@type":"ListItem","position":3,"name":"FUENTES"}]},{"@type":"WebSite","@id":"https:\/\/www.fredy.innovaiestp.org\/#website","url":"https:\/\/www.fredy.innovaiestp.org\/","name":"INSTITUCION EDUCATIVA TUPAQ KATARI SOCCA","description":"Colegio de jornada escolar completa (jec) es una pol\u00edtica educativa implementada por el Ministerio de Educaci\u00f3n del Per\u00fa desde el a\u00f1o 2015. Su objetivo principal es mejorar la calidad del aprendizaje en las instituciones educativas p\u00fablicas de nivel secundario.","publisher":{"@id":"https:\/\/www.fredy.innovaiestp.org\/#organization"},"potentialAction":[{"@type":"SearchAction","target":{"@type":"EntryPoint","urlTemplate":"https:\/\/www.fredy.innovaiestp.org\/?s={search_term_string}"},"query-input":{"@type":"PropertyValueSpecification","valueRequired":true,"valueName":"search_term_string"}}],"inLanguage":"es"},{"@type":"Organization","@id":"https:\/\/www.fredy.innovaiestp.org\/#organization","name":"INSTITUCION EDUCATIVA TUPAQ KATARI SOCCA","url":"https:\/\/www.fredy.innovaiestp.org\/","logo":{"@type":"ImageObject","inLanguage":"es","@id":"https:\/\/www.fredy.innovaiestp.org\/#\/schema\/logo\/image\/","url":"https:\/\/www.fredy.innovaiestp.org\/wp-content\/uploads\/2025\/05\/cropped-insignia-tk-1.png","contentUrl":"https:\/\/www.fredy.innovaiestp.org\/wp-content\/uploads\/2025\/05\/cropped-insignia-tk-1.png","width":50,"height":50,"caption":"INSTITUCION EDUCATIVA TUPAQ KATARI SOCCA"},"image":{"@id":"https:\/\/www.fredy.innovaiestp.org\/#\/schema\/logo\/image\/"}}]}},"_links":{"self":[{"href":"https:\/\/www.fredy.innovaiestp.org\/index.php\/wp-json\/wp\/v2\/pages\/158","targetHints":{"allow":["GET"]}}],"collection":[{"href":"https:\/\/www.fredy.innovaiestp.org\/index.php\/wp-json\/wp\/v2\/pages"}],"about":[{"href":"https:\/\/www.fredy.innovaiestp.org\/index.php\/wp-json\/wp\/v2\/types\/page"}],"author":[{"embeddable":true,"href":"https:\/\/www.fredy.innovaiestp.org\/index.php\/wp-json\/wp\/v2\/users\/1"}],"replies":[{"embeddable":true,"href":"https:\/\/www.fredy.innovaiestp.org\/index.php\/wp-json\/wp\/v2\/comments?post=158"}],"version-history":[{"count":8,"href":"https:\/\/www.fredy.innovaiestp.org\/index.php\/wp-json\/wp\/v2\/pages\/158\/revisions"}],"predecessor-version":[{"id":370,"href":"https:\/\/www.fredy.innovaiestp.org\/index.php\/wp-json\/wp\/v2\/pages\/158\/revisions\/370"}],"up":[{"embeddable":true,"href":"https:\/\/www.fredy.innovaiestp.org\/index.php\/wp-json\/wp\/v2\/pages\/33"}],"wp:attachment":[{"href":"https:\/\/www.fredy.innovaiestp.org\/index.php\/wp-json\/wp\/v2\/media?parent=158"}],"curies":[{"name":"wp","href":"https:\/\/api.w.org\/{rel}","templated":true}]}}