{"id":18,"date":"2025-05-19T09:51:36","date_gmt":"2025-05-19T09:51:36","guid":{"rendered":"https:\/\/www.fredy.innovaiestp.org\/?page_id=18"},"modified":"2025-05-27T11:13:19","modified_gmt":"2025-05-27T11:13:19","slug":"mision-y-vision","status":"publish","type":"page","link":"https:\/\/www.fredy.innovaiestp.org\/index.php\/sobre-nosotros\/mision-y-vision\/","title":{"rendered":"MISION Y VISION"},"content":{"rendered":"\n<h1 class=\"wp-block-heading has-text-align-center has-huge-font-size\"><strong><mark>Misi\u00f3n<\/mark><\/strong><\/h1>\n\n\n\n<p class=\"has-text-align-center has-large-font-size\"><em>Formar estudiantes \u00edntegros, cr\u00edticos, creativos y comprometidos con su cultura y entorno, mediante una educaci\u00f3n de calidad que promueva valores, conocimientos cient\u00edficos y habilidades para contribuir al desarrollo sostenible de la comunidad de Villa Socca y el distrito de Acora.<\/em><\/p>\n\n\n\n<hr class=\"wp-block-separator has-alpha-channel-opacity\"\/>\n\n\n\n<h1 class=\"wp-block-heading has-text-align-center has-huge-font-size\"><strong><mark>Visi\u00f3n<\/mark><\/strong><\/h1>\n\n\n\n<p class=\"has-text-align-center has-large-font-size\">Ser una instituci\u00f3n educativa reconocida en el distrito de Acora por la excelencia acad\u00e9mica, la inclusi\u00f3n cultural y la innovaci\u00f3n pedag\u00f3gica, que prepara a sus estudiantes para enfrentar los retos del mundo moderno, preservando su identidad y fortaleciendo el desarrollo local.<\/p>\n\n\n\n<figure class=\"wp-block-gallery has-nested-images columns-2 is-cropped wp-block-gallery-1 is-layout-flex wp-block-gallery-is-layout-flex\">\n<figure class=\"wp-block-image size-large\"><img fetchpriority=\"high\" decoding=\"async\" width=\"252\" height=\"200\" data-id=\"316\" src=\"https:\/\/www.fredy.innovaiestp.org\/wp-content\/uploads\/2025\/05\/mi_vi_01.jpg\" alt=\"\" class=\"wp-image-316\"\/><\/figure>\n\n\n\n<figure class=\"wp-block-image size-large\"><img decoding=\"async\" width=\"1024\" height=\"683\" data-id=\"317\" src=\"https:\/\/www.fredy.innovaiestp.org\/wp-content\/uploads\/2025\/05\/mi_vi_02-1024x683.jpg\" alt=\"\" class=\"wp-image-317\" srcset=\"https:\/\/www.fredy.innovaiestp.org\/wp-content\/uploads\/2025\/05\/mi_vi_02-1024x683.jpg 1024w, https:\/\/www.fredy.innovaiestp.org\/wp-content\/uploads\/2025\/05\/mi_vi_02-300x200.jpg 300w, https:\/\/www.fredy.innovaiestp.org\/wp-content\/uploads\/2025\/05\/mi_vi_02-768x512.jpg 768w, https:\/\/www.fredy.innovaiestp.org\/wp-content\/uploads\/2025\/05\/mi_vi_02-1536x1024.jpg 1536w, https:\/\/www.fredy.innovaiestp.org\/wp-content\/uploads\/2025\/05\/mi_vi_02-400x267.jpg 400w, https:\/\/www.fredy.innovaiestp.org\/wp-content\/uploads\/2025\/05\/mi_vi_02.jpg 2048w\" sizes=\"(max-width: 1024px) 100vw, 1024px\" \/><\/figure>\n\n\n\n<figure class=\"wp-block-image size-full\"><img decoding=\"async\" width=\"600\" height=\"336\" data-id=\"318\" src=\"https:\/\/www.fredy.innovaiestp.org\/wp-content\/uploads\/2025\/05\/mi_vi_03.jpg\" alt=\"\" class=\"wp-image-318\" srcset=\"https:\/\/www.fredy.innovaiestp.org\/wp-content\/uploads\/2025\/05\/mi_vi_03.jpg 600w, https:\/\/www.fredy.innovaiestp.org\/wp-content\/uploads\/2025\/05\/mi_vi_03-300x168.jpg 300w, https:\/\/www.fredy.innovaiestp.org\/wp-content\/uploads\/2025\/05\/mi_vi_03-400x224.jpg 400w\" sizes=\"(max-width: 600px) 100vw, 600px\" \/><\/figure>\n<\/figure>\n\n\n\n<p><\/p>\n","protected":false},"excerpt":{"rendered":"<p>Misi\u00f3n Formar estudiantes \u00edntegros, cr\u00edticos, creativos y comprometidos con su cultura y entorno, mediante una educaci\u00f3n de calidad que promueva valores, conocimientos cient\u00edficos y habilidades para contribuir al desarrollo sostenible de la comunidad de Villa Socca y el distrito de Acora. Visi\u00f3n Ser una instituci\u00f3n educativa reconocida en el distrito de Acora por la excelencia [&hellip;]<\/p>\n","protected":false},"author":1,"featured_media":295,"parent":10,"menu_order":0,"comment_status":"closed","ping_status":"closed","template":"","meta":{"footnotes":""},"class_list":["post-18","page","type-page","status-publish","has-post-thumbnail","hentry"],"yoast_head":"<!-- This site is optimized with the Yoast SEO plugin v25.1 - https:\/\/yoast.com\/wordpress\/plugins\/seo\/ -->\n<title>MISION Y VISION - INSTITUCION EDUCATIVA TUPAQ KATARI SOCCA<\/title>\n<meta name=\"robots\" content=\"index, follow, max-snippet:-1, max-image-preview:large, max-video-preview:-1\" \/>\n<link rel=\"canonical\" href=\"https:\/\/www.fredy.innovaiestp.org\/index.php\/sobre-nosotros\/mision-y-vision\/\" \/>\n<meta property=\"og:locale\" content=\"es_ES\" \/>\n<meta property=\"og:type\" content=\"article\" \/>\n<meta property=\"og:title\" content=\"MISION Y VISION - INSTITUCION EDUCATIVA TUPAQ KATARI SOCCA\" \/>\n<meta property=\"og:description\" content=\"Misi\u00f3n Formar estudiantes \u00edntegros, cr\u00edticos, creativos y comprometidos con su cultura y entorno, mediante una educaci\u00f3n de calidad que promueva valores, conocimientos cient\u00edficos y habilidades para contribuir al desarrollo sostenible de la comunidad de Villa Socca y el distrito de Acora. Visi\u00f3n Ser una instituci\u00f3n educativa reconocida en el distrito de Acora por la excelencia [&hellip;]\" \/>\n<meta property=\"og:url\" content=\"https:\/\/www.fredy.innovaiestp.org\/index.php\/sobre-nosotros\/mision-y-vision\/\" \/>\n<meta property=\"og:site_name\" content=\"INSTITUCION EDUCATIVA TUPAQ KATARI SOCCA\" \/>\n<meta property=\"article:modified_time\" content=\"2025-05-27T11:13:19+00:00\" \/>\n<meta property=\"og:image\" content=\"https:\/\/www.fredy.innovaiestp.org\/wp-content\/uploads\/2025\/05\/descarga.png\" \/>\n\t<meta property=\"og:image:width\" content=\"283\" \/>\n\t<meta property=\"og:image:height\" content=\"178\" \/>\n\t<meta property=\"og:image:type\" content=\"image\/png\" \/>\n<meta name=\"twitter:card\" content=\"summary_large_image\" \/>\n<meta name=\"twitter:label1\" content=\"Tiempo de lectura\" \/>\n\t<meta name=\"twitter:data1\" content=\"2 minutos\" \/>\n<script type=\"application\/ld+json\" class=\"yoast-schema-graph\">{\"@context\":\"https:\/\/schema.org\",\"@graph\":[{\"@type\":\"WebPage\",\"@id\":\"https:\/\/www.fredy.innovaiestp.org\/index.php\/sobre-nosotros\/mision-y-vision\/\",\"url\":\"https:\/\/www.fredy.innovaiestp.org\/index.php\/sobre-nosotros\/mision-y-vision\/\",\"name\":\"MISION Y VISION - INSTITUCION EDUCATIVA TUPAQ KATARI SOCCA\",\"isPartOf\":{\"@id\":\"https:\/\/www.fredy.innovaiestp.org\/#website\"},\"primaryImageOfPage\":{\"@id\":\"https:\/\/www.fredy.innovaiestp.org\/index.php\/sobre-nosotros\/mision-y-vision\/#primaryimage\"},\"image\":{\"@id\":\"https:\/\/www.fredy.innovaiestp.org\/index.php\/sobre-nosotros\/mision-y-vision\/#primaryimage\"},\"thumbnailUrl\":\"https:\/\/www.fredy.innovaiestp.org\/wp-content\/uploads\/2025\/05\/descarga.png\",\"datePublished\":\"2025-05-19T09:51:36+00:00\",\"dateModified\":\"2025-05-27T11:13:19+00:00\",\"breadcrumb\":{\"@id\":\"https:\/\/www.fredy.innovaiestp.org\/index.php\/sobre-nosotros\/mision-y-vision\/#breadcrumb\"},\"inLanguage\":\"es\",\"potentialAction\":[{\"@type\":\"ReadAction\",\"target\":[\"https:\/\/www.fredy.innovaiestp.org\/index.php\/sobre-nosotros\/mision-y-vision\/\"]}]},{\"@type\":\"ImageObject\",\"inLanguage\":\"es\",\"@id\":\"https:\/\/www.fredy.innovaiestp.org\/index.php\/sobre-nosotros\/mision-y-vision\/#primaryimage\",\"url\":\"https:\/\/www.fredy.innovaiestp.org\/wp-content\/uploads\/2025\/05\/descarga.png\",\"contentUrl\":\"https:\/\/www.fredy.innovaiestp.org\/wp-content\/uploads\/2025\/05\/descarga.png\",\"width\":283,\"height\":178},{\"@type\":\"BreadcrumbList\",\"@id\":\"https:\/\/www.fredy.innovaiestp.org\/index.php\/sobre-nosotros\/mision-y-vision\/#breadcrumb\",\"itemListElement\":[{\"@type\":\"ListItem\",\"position\":1,\"name\":\"Portada\",\"item\":\"https:\/\/www.fredy.innovaiestp.org\/\"},{\"@type\":\"ListItem\",\"position\":2,\"name\":\"2_QUIENES SOMOS\",\"item\":\"https:\/\/www.fredy.innovaiestp.org\/index.php\/sobre-nosotros\/\"},{\"@type\":\"ListItem\",\"position\":3,\"name\":\"MISION Y VISION\"}]},{\"@type\":\"WebSite\",\"@id\":\"https:\/\/www.fredy.innovaiestp.org\/#website\",\"url\":\"https:\/\/www.fredy.innovaiestp.org\/\",\"name\":\"INSTITUCION EDUCATIVA TUPAQ KATARI SOCCA\",\"description\":\"Colegio de jornada escolar completa (jec) es una pol\u00edtica educativa implementada por el Ministerio de Educaci\u00f3n del Per\u00fa desde el a\u00f1o 2015. Su objetivo principal es mejorar la calidad del aprendizaje en las instituciones educativas p\u00fablicas de nivel secundario.\",\"publisher\":{\"@id\":\"https:\/\/www.fredy.innovaiestp.org\/#organization\"},\"potentialAction\":[{\"@type\":\"SearchAction\",\"target\":{\"@type\":\"EntryPoint\",\"urlTemplate\":\"https:\/\/www.fredy.innovaiestp.org\/?s={search_term_string}\"},\"query-input\":{\"@type\":\"PropertyValueSpecification\",\"valueRequired\":true,\"valueName\":\"search_term_string\"}}],\"inLanguage\":\"es\"},{\"@type\":\"Organization\",\"@id\":\"https:\/\/www.fredy.innovaiestp.org\/#organization\",\"name\":\"INSTITUCION EDUCATIVA TUPAQ KATARI SOCCA\",\"url\":\"https:\/\/www.fredy.innovaiestp.org\/\",\"logo\":{\"@type\":\"ImageObject\",\"inLanguage\":\"es\",\"@id\":\"https:\/\/www.fredy.innovaiestp.org\/#\/schema\/logo\/image\/\",\"url\":\"https:\/\/www.fredy.innovaiestp.org\/wp-content\/uploads\/2025\/05\/cropped-insignia-tk-1.png\",\"contentUrl\":\"https:\/\/www.fredy.innovaiestp.org\/wp-content\/uploads\/2025\/05\/cropped-insignia-tk-1.png\",\"width\":50,\"height\":50,\"caption\":\"INSTITUCION EDUCATIVA TUPAQ KATARI SOCCA\"},\"image\":{\"@id\":\"https:\/\/www.fredy.innovaiestp.org\/#\/schema\/logo\/image\/\"}}]}<\/script>\n<!-- \/ Yoast SEO plugin. -->","yoast_head_json":{"title":"MISION Y VISION - INSTITUCION EDUCATIVA TUPAQ KATARI SOCCA","robots":{"index":"index","follow":"follow","max-snippet":"max-snippet:-1","max-image-preview":"max-image-preview:large","max-video-preview":"max-video-preview:-1"},"canonical":"https:\/\/www.fredy.innovaiestp.org\/index.php\/sobre-nosotros\/mision-y-vision\/","og_locale":"es_ES","og_type":"article","og_title":"MISION Y VISION - INSTITUCION EDUCATIVA TUPAQ KATARI SOCCA","og_description":"Misi\u00f3n Formar estudiantes \u00edntegros, cr\u00edticos, creativos y comprometidos con su cultura y entorno, mediante una educaci\u00f3n de calidad que promueva valores, conocimientos cient\u00edficos y habilidades para contribuir al desarrollo sostenible de la comunidad de Villa Socca y el distrito de Acora. Visi\u00f3n Ser una instituci\u00f3n educativa reconocida en el distrito de Acora por la excelencia [&hellip;]","og_url":"https:\/\/www.fredy.innovaiestp.org\/index.php\/sobre-nosotros\/mision-y-vision\/","og_site_name":"INSTITUCION EDUCATIVA TUPAQ KATARI SOCCA","article_modified_time":"2025-05-27T11:13:19+00:00","og_image":[{"width":283,"height":178,"url":"https:\/\/www.fredy.innovaiestp.org\/wp-content\/uploads\/2025\/05\/descarga.png","type":"image\/png"}],"twitter_card":"summary_large_image","twitter_misc":{"Tiempo de lectura":"2 minutos"},"schema":{"@context":"https:\/\/schema.org","@graph":[{"@type":"WebPage","@id":"https:\/\/www.fredy.innovaiestp.org\/index.php\/sobre-nosotros\/mision-y-vision\/","url":"https:\/\/www.fredy.innovaiestp.org\/index.php\/sobre-nosotros\/mision-y-vision\/","name":"MISION Y VISION - INSTITUCION EDUCATIVA TUPAQ KATARI SOCCA","isPartOf":{"@id":"https:\/\/www.fredy.innovaiestp.org\/#website"},"primaryImageOfPage":{"@id":"https:\/\/www.fredy.innovaiestp.org\/index.php\/sobre-nosotros\/mision-y-vision\/#primaryimage"},"image":{"@id":"https:\/\/www.fredy.innovaiestp.org\/index.php\/sobre-nosotros\/mision-y-vision\/#primaryimage"},"thumbnailUrl":"https:\/\/www.fredy.innovaiestp.org\/wp-content\/uploads\/2025\/05\/descarga.png","datePublished":"2025-05-19T09:51:36+00:00","dateModified":"2025-05-27T11:13:19+00:00","breadcrumb":{"@id":"https:\/\/www.fredy.innovaiestp.org\/index.php\/sobre-nosotros\/mision-y-vision\/#breadcrumb"},"inLanguage":"es","potentialAction":[{"@type":"ReadAction","target":["https:\/\/www.fredy.innovaiestp.org\/index.php\/sobre-nosotros\/mision-y-vision\/"]}]},{"@type":"ImageObject","inLanguage":"es","@id":"https:\/\/www.fredy.innovaiestp.org\/index.php\/sobre-nosotros\/mision-y-vision\/#primaryimage","url":"https:\/\/www.fredy.innovaiestp.org\/wp-content\/uploads\/2025\/05\/descarga.png","contentUrl":"https:\/\/www.fredy.innovaiestp.org\/wp-content\/uploads\/2025\/05\/descarga.png","width":283,"height":178},{"@type":"BreadcrumbList","@id":"https:\/\/www.fredy.innovaiestp.org\/index.php\/sobre-nosotros\/mision-y-vision\/#breadcrumb","itemListElement":[{"@type":"ListItem","position":1,"name":"Portada","item":"https:\/\/www.fredy.innovaiestp.org\/"},{"@type":"ListItem","position":2,"name":"2_QUIENES SOMOS","item":"https:\/\/www.fredy.innovaiestp.org\/index.php\/sobre-nosotros\/"},{"@type":"ListItem","position":3,"name":"MISION Y VISION"}]},{"@type":"WebSite","@id":"https:\/\/www.fredy.innovaiestp.org\/#website","url":"https:\/\/www.fredy.innovaiestp.org\/","name":"INSTITUCION EDUCATIVA TUPAQ KATARI SOCCA","description":"Colegio de jornada escolar completa (jec) es una pol\u00edtica educativa implementada por el Ministerio de Educaci\u00f3n del Per\u00fa desde el a\u00f1o 2015. Su objetivo principal es mejorar la calidad del aprendizaje en las instituciones educativas p\u00fablicas de nivel secundario.","publisher":{"@id":"https:\/\/www.fredy.innovaiestp.org\/#organization"},"potentialAction":[{"@type":"SearchAction","target":{"@type":"EntryPoint","urlTemplate":"https:\/\/www.fredy.innovaiestp.org\/?s={search_term_string}"},"query-input":{"@type":"PropertyValueSpecification","valueRequired":true,"valueName":"search_term_string"}}],"inLanguage":"es"},{"@type":"Organization","@id":"https:\/\/www.fredy.innovaiestp.org\/#organization","name":"INSTITUCION EDUCATIVA TUPAQ KATARI SOCCA","url":"https:\/\/www.fredy.innovaiestp.org\/","logo":{"@type":"ImageObject","inLanguage":"es","@id":"https:\/\/www.fredy.innovaiestp.org\/#\/schema\/logo\/image\/","url":"https:\/\/www.fredy.innovaiestp.org\/wp-content\/uploads\/2025\/05\/cropped-insignia-tk-1.png","contentUrl":"https:\/\/www.fredy.innovaiestp.org\/wp-content\/uploads\/2025\/05\/cropped-insignia-tk-1.png","width":50,"height":50,"caption":"INSTITUCION EDUCATIVA TUPAQ KATARI SOCCA"},"image":{"@id":"https:\/\/www.fredy.innovaiestp.org\/#\/schema\/logo\/image\/"}}]}},"_links":{"self":[{"href":"https:\/\/www.fredy.innovaiestp.org\/index.php\/wp-json\/wp\/v2\/pages\/18","targetHints":{"allow":["GET"]}}],"collection":[{"href":"https:\/\/www.fredy.innovaiestp.org\/index.php\/wp-json\/wp\/v2\/pages"}],"about":[{"href":"https:\/\/www.fredy.innovaiestp.org\/index.php\/wp-json\/wp\/v2\/types\/page"}],"author":[{"embeddable":true,"href":"https:\/\/www.fredy.innovaiestp.org\/index.php\/wp-json\/wp\/v2\/users\/1"}],"replies":[{"embeddable":true,"href":"https:\/\/www.fredy.innovaiestp.org\/index.php\/wp-json\/wp\/v2\/comments?post=18"}],"version-history":[{"count":6,"href":"https:\/\/www.fredy.innovaiestp.org\/index.php\/wp-json\/wp\/v2\/pages\/18\/revisions"}],"predecessor-version":[{"id":320,"href":"https:\/\/www.fredy.innovaiestp.org\/index.php\/wp-json\/wp\/v2\/pages\/18\/revisions\/320"}],"up":[{"embeddable":true,"href":"https:\/\/www.fredy.innovaiestp.org\/index.php\/wp-json\/wp\/v2\/pages\/10"}],"wp:featuredmedia":[{"embeddable":true,"href":"https:\/\/www.fredy.innovaiestp.org\/index.php\/wp-json\/wp\/v2\/media\/295"}],"wp:attachment":[{"href":"https:\/\/www.fredy.innovaiestp.org\/index.php\/wp-json\/wp\/v2\/media?parent=18"}],"curies":[{"name":"wp","href":"https:\/\/api.w.org\/{rel}","templated":true}]}}