{"id":40,"date":"2025-05-19T10:05:58","date_gmt":"2025-05-19T10:05:58","guid":{"rendered":"https:\/\/www.fredy.innovaiestp.org\/?page_id=40"},"modified":"2025-05-27T14:50:26","modified_gmt":"2025-05-27T14:50:26","slug":"2-2","status":"publish","type":"page","link":"https:\/\/www.fredy.innovaiestp.org\/index.php\/sobre-nosotros\/2-2\/","title":{"rendered":"INFORMACION"},"content":{"rendered":"\n<h1 class=\"wp-block-heading\">Informaci\u00f3n completa del colegio&nbsp;<strong>TUPAQ KATARI<\/strong><\/h1>\n\n\n\n<p class=\"has-navy-blue-color has-text-color has-link-color wp-elements-90744c6a963750c28dff1aacca0b1611\">En nuestra web de Colegios del Per\u00fa te brindamos toda la informaci\u00f3n general de la instituci\u00f3n educativa TUPAQ KATARI para que puedas imprimir o descargarlo en formato PDF o Microsoft Word:<\/p>\n\n\n\n<figure class=\"wp-block-table\"><table class=\"has-navy-blue-color has-text-color has-link-color has-fixed-layout\"><tbody><tr><td><strong>Centro educativo<\/strong><\/td><td>TUPAQ KATARI<\/td><\/tr><tr><td><strong>C\u00f3digo modular<\/strong><\/td><td>0706580<\/td><\/tr><tr><td><strong>C\u00f3digo de local educativo<\/strong><\/td><td>442828<\/td><\/tr><tr><td><strong>Nro y\/o Nombre del servicio educativo<\/strong><\/td><td>TUPAQ KATARI<\/td><\/tr><tr><td><strong>Nivel \/ Modalidad<\/strong><\/td><td>Secundaria<\/td><\/tr><tr><td><strong>Forma de atenci\u00f3n<\/strong><\/td><td>Escolarizada<\/td><\/tr><tr><td><strong>Detalle de caracter\u00edstica (Censo educativo 2021)<\/strong><\/td><td>&nbsp;\u2013<\/td><\/tr><tr><td><strong>G\u00e9nero de los alumnos<\/strong><\/td><td>Mixto<\/td><\/tr><tr><td><strong>Gesti\u00f3n del servicio educativo<\/strong><\/td><td>P\u00fablica de gesti\u00f3n directa<\/td><\/tr><tr><td><strong>Gesti\u00f3n \/ Dependencia<\/strong><\/td><td>Sector Educaci\u00f3n<\/td><\/tr><tr><td><strong>Nombre del director<\/strong><\/td><td>RAMOS PARIPANCA VICTOR GONZALO<\/td><\/tr><tr><td><strong>Direcci\u00f3n del local educativo<\/strong><\/td><td>SOCCA<\/td><\/tr><tr><td><strong>Referencia de la ubicaci\u00f3n de local educativo<\/strong><\/td><td><\/td><\/tr><tr><td><strong>C\u00f3digo del centro poblado \u2013 UE-MINEDU<\/strong><\/td><td>550689<\/td><\/tr><tr><td><strong>Centro Poblado<\/strong><\/td><td>SOCCA<\/td><\/tr><tr><td><strong>Detalle del \u00e1rea geogr\u00e1fica (2000 Habitantes)<\/strong><\/td><td>Rural<\/td><\/tr><tr><td><strong>C\u00f3digo de ubicaci\u00f3n geogr\u00e1fica (DD-PP-DI)<\/strong><\/td><td>210102<\/td><\/tr><tr><td><strong>Nombre departamento<\/strong><\/td><td>PUNO<\/td><\/tr><tr><td><strong>Nombre provincia<\/strong><\/td><td>PUNO<\/td><\/tr><tr><td><strong>Nombre distrito<\/strong><\/td><td>ACORA<\/td><\/tr><tr><td><strong>Direcci\u00f3n o Gerencia regional de educaci\u00f3n<\/strong><\/td><td>DRE PUNO<\/td><\/tr><tr><td><strong>C\u00f3digo de DRE o UGEL que supervisa el servicio educativo<\/strong><\/td><td>210001<\/td><\/tr><tr><td><strong>Nombre de la DRE o UGEL que supervisa el servicio educativo<\/strong><\/td><td>UGEL PUNO<\/td><\/tr><tr><td><strong>Detalle del turno de atenci\u00f3n<\/strong><\/td><td>Ma\u00f1ana<\/td><\/tr><tr><td><strong>Detalle de estado del servicio educativo<\/strong><\/td><td>Activa<\/td><\/tr><tr><td><strong>Tipo de la fuente de datos registrada en el censo educativo 2021<\/strong><\/td><td>25-09-1985<\/td><\/tr><tr><td><strong>Fecha de incorporaci\u00f3n al registro de servicios educativos<\/strong><\/td><td>25-09-1985<\/td><\/tr><tr><td><strong>Fecha de actualizaci\u00f3n<\/strong><\/td><td>A\u00f1o 2022, datos proporcionados por las DRE\/GRE y UGEL<\/td><\/tr><\/tbody><\/table><\/figure>\n\n\n\n<h2 class=\"wp-block-heading\" id=\"map-content\">Ubicaci\u00f3n del colegio<\/h2>\n\n\n\n<iframe src=\"https:\/\/www.google.com\/maps\/embed?pb=!1m13!1m8!1m3!1d7804.0373236016785!2d-69.694614!3d-15.905493!3m2!1i1024!2i768!4f13.1!3m2!1m1!2zMTXCsDU0JzE5LjgiUyA2OcKwNDEnNDAuNiJX!5e1!3m2!1ses!2sus!4v1748315769414!5m2!1ses!2sus\" width=\"600\" height=\"450\" style=\"border:0;\" allowfullscreen=\"\" loading=\"lazy\" referrerpolicy=\"no-referrer-when-downgrade\"><\/iframe>\n","protected":false},"excerpt":{"rendered":"<p>Informaci\u00f3n completa del colegio&nbsp;TUPAQ KATARI En nuestra web de Colegios del Per\u00fa te brindamos toda la informaci\u00f3n general de la instituci\u00f3n educativa TUPAQ KATARI para que puedas imprimir o descargarlo en formato PDF o Microsoft Word: Centro educativo TUPAQ KATARI C\u00f3digo modular 0706580 C\u00f3digo de local educativo 442828 Nro y\/o Nombre del servicio educativo TUPAQ [&hellip;]<\/p>\n","protected":false},"author":1,"featured_media":0,"parent":10,"menu_order":0,"comment_status":"closed","ping_status":"closed","template":"","meta":{"footnotes":""},"class_list":["post-40","page","type-page","status-publish","hentry"],"yoast_head":"<!-- This site is optimized with the Yoast SEO plugin v25.1 - https:\/\/yoast.com\/wordpress\/plugins\/seo\/ -->\n<title>INFORMACION - INSTITUCION EDUCATIVA TUPAQ KATARI SOCCA<\/title>\n<meta name=\"robots\" content=\"index, follow, max-snippet:-1, max-image-preview:large, max-video-preview:-1\" \/>\n<link rel=\"canonical\" href=\"https:\/\/www.fredy.innovaiestp.org\/index.php\/sobre-nosotros\/2-2\/\" \/>\n<meta property=\"og:locale\" content=\"es_ES\" \/>\n<meta property=\"og:type\" content=\"article\" \/>\n<meta property=\"og:title\" content=\"INFORMACION - INSTITUCION EDUCATIVA TUPAQ KATARI SOCCA\" \/>\n<meta property=\"og:description\" content=\"Informaci\u00f3n completa del colegio&nbsp;TUPAQ KATARI En nuestra web de Colegios del Per\u00fa te brindamos toda la informaci\u00f3n general de la instituci\u00f3n educativa TUPAQ KATARI para que puedas imprimir o descargarlo en formato PDF o Microsoft Word: Centro educativo TUPAQ KATARI C\u00f3digo modular 0706580 C\u00f3digo de local educativo 442828 Nro y\/o Nombre del servicio educativo TUPAQ [&hellip;]\" \/>\n<meta property=\"og:url\" content=\"https:\/\/www.fredy.innovaiestp.org\/index.php\/sobre-nosotros\/2-2\/\" \/>\n<meta property=\"og:site_name\" content=\"INSTITUCION EDUCATIVA TUPAQ KATARI SOCCA\" \/>\n<meta property=\"article:modified_time\" content=\"2025-05-27T14:50:26+00:00\" \/>\n<meta name=\"twitter:card\" content=\"summary_large_image\" \/>\n<meta name=\"twitter:label1\" content=\"Tiempo de lectura\" \/>\n\t<meta name=\"twitter:data1\" content=\"2 minutos\" \/>\n<script type=\"application\/ld+json\" class=\"yoast-schema-graph\">{\"@context\":\"https:\/\/schema.org\",\"@graph\":[{\"@type\":\"WebPage\",\"@id\":\"https:\/\/www.fredy.innovaiestp.org\/index.php\/sobre-nosotros\/2-2\/\",\"url\":\"https:\/\/www.fredy.innovaiestp.org\/index.php\/sobre-nosotros\/2-2\/\",\"name\":\"INFORMACION - INSTITUCION EDUCATIVA TUPAQ KATARI SOCCA\",\"isPartOf\":{\"@id\":\"https:\/\/www.fredy.innovaiestp.org\/#website\"},\"datePublished\":\"2025-05-19T10:05:58+00:00\",\"dateModified\":\"2025-05-27T14:50:26+00:00\",\"breadcrumb\":{\"@id\":\"https:\/\/www.fredy.innovaiestp.org\/index.php\/sobre-nosotros\/2-2\/#breadcrumb\"},\"inLanguage\":\"es\",\"potentialAction\":[{\"@type\":\"ReadAction\",\"target\":[\"https:\/\/www.fredy.innovaiestp.org\/index.php\/sobre-nosotros\/2-2\/\"]}]},{\"@type\":\"BreadcrumbList\",\"@id\":\"https:\/\/www.fredy.innovaiestp.org\/index.php\/sobre-nosotros\/2-2\/#breadcrumb\",\"itemListElement\":[{\"@type\":\"ListItem\",\"position\":1,\"name\":\"Portada\",\"item\":\"https:\/\/www.fredy.innovaiestp.org\/\"},{\"@type\":\"ListItem\",\"position\":2,\"name\":\"2_QUIENES SOMOS\",\"item\":\"https:\/\/www.fredy.innovaiestp.org\/index.php\/sobre-nosotros\/\"},{\"@type\":\"ListItem\",\"position\":3,\"name\":\"INFORMACION\"}]},{\"@type\":\"WebSite\",\"@id\":\"https:\/\/www.fredy.innovaiestp.org\/#website\",\"url\":\"https:\/\/www.fredy.innovaiestp.org\/\",\"name\":\"INSTITUCION EDUCATIVA TUPAQ KATARI SOCCA\",\"description\":\"Colegio de jornada escolar completa (jec) es una pol\u00edtica educativa implementada por el Ministerio de Educaci\u00f3n del Per\u00fa desde el a\u00f1o 2015. Su objetivo principal es mejorar la calidad del aprendizaje en las instituciones educativas p\u00fablicas de nivel secundario.\",\"publisher\":{\"@id\":\"https:\/\/www.fredy.innovaiestp.org\/#organization\"},\"potentialAction\":[{\"@type\":\"SearchAction\",\"target\":{\"@type\":\"EntryPoint\",\"urlTemplate\":\"https:\/\/www.fredy.innovaiestp.org\/?s={search_term_string}\"},\"query-input\":{\"@type\":\"PropertyValueSpecification\",\"valueRequired\":true,\"valueName\":\"search_term_string\"}}],\"inLanguage\":\"es\"},{\"@type\":\"Organization\",\"@id\":\"https:\/\/www.fredy.innovaiestp.org\/#organization\",\"name\":\"INSTITUCION EDUCATIVA TUPAQ KATARI SOCCA\",\"url\":\"https:\/\/www.fredy.innovaiestp.org\/\",\"logo\":{\"@type\":\"ImageObject\",\"inLanguage\":\"es\",\"@id\":\"https:\/\/www.fredy.innovaiestp.org\/#\/schema\/logo\/image\/\",\"url\":\"https:\/\/www.fredy.innovaiestp.org\/wp-content\/uploads\/2025\/05\/cropped-insignia-tk-1.png\",\"contentUrl\":\"https:\/\/www.fredy.innovaiestp.org\/wp-content\/uploads\/2025\/05\/cropped-insignia-tk-1.png\",\"width\":50,\"height\":50,\"caption\":\"INSTITUCION EDUCATIVA TUPAQ KATARI SOCCA\"},\"image\":{\"@id\":\"https:\/\/www.fredy.innovaiestp.org\/#\/schema\/logo\/image\/\"}}]}<\/script>\n<!-- \/ Yoast SEO plugin. -->","yoast_head_json":{"title":"INFORMACION - INSTITUCION EDUCATIVA TUPAQ KATARI SOCCA","robots":{"index":"index","follow":"follow","max-snippet":"max-snippet:-1","max-image-preview":"max-image-preview:large","max-video-preview":"max-video-preview:-1"},"canonical":"https:\/\/www.fredy.innovaiestp.org\/index.php\/sobre-nosotros\/2-2\/","og_locale":"es_ES","og_type":"article","og_title":"INFORMACION - INSTITUCION EDUCATIVA TUPAQ KATARI SOCCA","og_description":"Informaci\u00f3n completa del colegio&nbsp;TUPAQ KATARI En nuestra web de Colegios del Per\u00fa te brindamos toda la informaci\u00f3n general de la instituci\u00f3n educativa TUPAQ KATARI para que puedas imprimir o descargarlo en formato PDF o Microsoft Word: Centro educativo TUPAQ KATARI C\u00f3digo modular 0706580 C\u00f3digo de local educativo 442828 Nro y\/o Nombre del servicio educativo TUPAQ [&hellip;]","og_url":"https:\/\/www.fredy.innovaiestp.org\/index.php\/sobre-nosotros\/2-2\/","og_site_name":"INSTITUCION EDUCATIVA TUPAQ KATARI SOCCA","article_modified_time":"2025-05-27T14:50:26+00:00","twitter_card":"summary_large_image","twitter_misc":{"Tiempo de lectura":"2 minutos"},"schema":{"@context":"https:\/\/schema.org","@graph":[{"@type":"WebPage","@id":"https:\/\/www.fredy.innovaiestp.org\/index.php\/sobre-nosotros\/2-2\/","url":"https:\/\/www.fredy.innovaiestp.org\/index.php\/sobre-nosotros\/2-2\/","name":"INFORMACION - INSTITUCION EDUCATIVA TUPAQ KATARI SOCCA","isPartOf":{"@id":"https:\/\/www.fredy.innovaiestp.org\/#website"},"datePublished":"2025-05-19T10:05:58+00:00","dateModified":"2025-05-27T14:50:26+00:00","breadcrumb":{"@id":"https:\/\/www.fredy.innovaiestp.org\/index.php\/sobre-nosotros\/2-2\/#breadcrumb"},"inLanguage":"es","potentialAction":[{"@type":"ReadAction","target":["https:\/\/www.fredy.innovaiestp.org\/index.php\/sobre-nosotros\/2-2\/"]}]},{"@type":"BreadcrumbList","@id":"https:\/\/www.fredy.innovaiestp.org\/index.php\/sobre-nosotros\/2-2\/#breadcrumb","itemListElement":[{"@type":"ListItem","position":1,"name":"Portada","item":"https:\/\/www.fredy.innovaiestp.org\/"},{"@type":"ListItem","position":2,"name":"2_QUIENES SOMOS","item":"https:\/\/www.fredy.innovaiestp.org\/index.php\/sobre-nosotros\/"},{"@type":"ListItem","position":3,"name":"INFORMACION"}]},{"@type":"WebSite","@id":"https:\/\/www.fredy.innovaiestp.org\/#website","url":"https:\/\/www.fredy.innovaiestp.org\/","name":"INSTITUCION EDUCATIVA TUPAQ KATARI SOCCA","description":"Colegio de jornada escolar completa (jec) es una pol\u00edtica educativa implementada por el Ministerio de Educaci\u00f3n del Per\u00fa desde el a\u00f1o 2015. Su objetivo principal es mejorar la calidad del aprendizaje en las instituciones educativas p\u00fablicas de nivel secundario.","publisher":{"@id":"https:\/\/www.fredy.innovaiestp.org\/#organization"},"potentialAction":[{"@type":"SearchAction","target":{"@type":"EntryPoint","urlTemplate":"https:\/\/www.fredy.innovaiestp.org\/?s={search_term_string}"},"query-input":{"@type":"PropertyValueSpecification","valueRequired":true,"valueName":"search_term_string"}}],"inLanguage":"es"},{"@type":"Organization","@id":"https:\/\/www.fredy.innovaiestp.org\/#organization","name":"INSTITUCION EDUCATIVA TUPAQ KATARI SOCCA","url":"https:\/\/www.fredy.innovaiestp.org\/","logo":{"@type":"ImageObject","inLanguage":"es","@id":"https:\/\/www.fredy.innovaiestp.org\/#\/schema\/logo\/image\/","url":"https:\/\/www.fredy.innovaiestp.org\/wp-content\/uploads\/2025\/05\/cropped-insignia-tk-1.png","contentUrl":"https:\/\/www.fredy.innovaiestp.org\/wp-content\/uploads\/2025\/05\/cropped-insignia-tk-1.png","width":50,"height":50,"caption":"INSTITUCION EDUCATIVA TUPAQ KATARI SOCCA"},"image":{"@id":"https:\/\/www.fredy.innovaiestp.org\/#\/schema\/logo\/image\/"}}]}},"_links":{"self":[{"href":"https:\/\/www.fredy.innovaiestp.org\/index.php\/wp-json\/wp\/v2\/pages\/40","targetHints":{"allow":["GET"]}}],"collection":[{"href":"https:\/\/www.fredy.innovaiestp.org\/index.php\/wp-json\/wp\/v2\/pages"}],"about":[{"href":"https:\/\/www.fredy.innovaiestp.org\/index.php\/wp-json\/wp\/v2\/types\/page"}],"author":[{"embeddable":true,"href":"https:\/\/www.fredy.innovaiestp.org\/index.php\/wp-json\/wp\/v2\/users\/1"}],"replies":[{"embeddable":true,"href":"https:\/\/www.fredy.innovaiestp.org\/index.php\/wp-json\/wp\/v2\/comments?post=40"}],"version-history":[{"count":7,"href":"https:\/\/www.fredy.innovaiestp.org\/index.php\/wp-json\/wp\/v2\/pages\/40\/revisions"}],"predecessor-version":[{"id":371,"href":"https:\/\/www.fredy.innovaiestp.org\/index.php\/wp-json\/wp\/v2\/pages\/40\/revisions\/371"}],"up":[{"embeddable":true,"href":"https:\/\/www.fredy.innovaiestp.org\/index.php\/wp-json\/wp\/v2\/pages\/10"}],"wp:attachment":[{"href":"https:\/\/www.fredy.innovaiestp.org\/index.php\/wp-json\/wp\/v2\/media?parent=40"}],"curies":[{"name":"wp","href":"https:\/\/api.w.org\/{rel}","templated":true}]}}