{"id":57,"date":"2025-05-19T10:11:31","date_gmt":"2025-05-19T10:11:31","guid":{"rendered":"https:\/\/www.fredy.innovaiestp.org\/?page_id=57"},"modified":"2025-05-27T03:40:04","modified_gmt":"2025-05-27T03:40:04","slug":"inicio-2","status":"publish","type":"page","link":"https:\/\/www.fredy.innovaiestp.org\/index.php\/inicio-2\/","title":{"rendered":"1_INICIO"},"content":{"rendered":"\n<h1 class=\"wp-block-heading has-text-align-center\"><strong>Colegio TUPAQ KATARI (Centro Educativo en PUNO)<\/strong><\/h1>\n\n\n\n<p>La instituci\u00f3n educativa (IE) TUPAQ KATARI es un centro educativo del departamento de PUNO que pertenece a la poblaci\u00f3n , este colegio se encuentra en la Gerencia Regional de Educaci\u00f3n DRE PUNO, el c\u00f3digo de la instituci\u00f3n es 442828 y se encuentra bajo la supervisi\u00f3n de la UGEL PUNO.<\/p>\n\n\n\n<p>El colegio \u201cTUPAQ KATARI\u201d es una Instituci\u00f3n Educativa P\u00fablica de gesti\u00f3n directa (Sector Educaci\u00f3n) Escolarizada. Este colegio fue creado el a\u00f1o 25-09-1985, se encuentra ubicado en el departamento de PUNO, provincia de PUNO, distrito de ACORA. La direcci\u00f3n de centro educativo es: SOCCA. El g\u00e9nero de los alumnos es: Mixto. El C.E. es de nivel o modalidad: Ma\u00f1ana.<\/p>\n\n\n\n<figure class=\"wp-block-gallery has-nested-images columns-default is-cropped wp-block-gallery-1 is-layout-flex wp-block-gallery-is-layout-flex\">\n<figure class=\"wp-block-image size-large is-style-rounded\"><img fetchpriority=\"high\" decoding=\"async\" width=\"259\" height=\"194\" data-id=\"115\" src=\"https:\/\/www.fredy.innovaiestp.org\/wp-content\/uploads\/2025\/05\/COLEGIO.jpg\" alt=\"\" class=\"wp-image-115\"\/><\/figure>\n\n\n\n<figure class=\"wp-block-image size-large is-style-rounded\"><img decoding=\"async\" width=\"1024\" height=\"512\" data-id=\"247\" src=\"http:\/\/www.fredy.innovaiestp.org\/wp-content\/uploads\/2025\/05\/PUERTASLIDER-1024x512.jpg\" alt=\"\" class=\"wp-image-247\" srcset=\"https:\/\/www.fredy.innovaiestp.org\/wp-content\/uploads\/2025\/05\/PUERTASLIDER-1024x512.jpg 1024w, https:\/\/www.fredy.innovaiestp.org\/wp-content\/uploads\/2025\/05\/PUERTASLIDER-300x150.jpg 300w, https:\/\/www.fredy.innovaiestp.org\/wp-content\/uploads\/2025\/05\/PUERTASLIDER-768x384.jpg 768w, https:\/\/www.fredy.innovaiestp.org\/wp-content\/uploads\/2025\/05\/PUERTASLIDER-1536x768.jpg 1536w, https:\/\/www.fredy.innovaiestp.org\/wp-content\/uploads\/2025\/05\/PUERTASLIDER-2048x1024.jpg 2048w, https:\/\/www.fredy.innovaiestp.org\/wp-content\/uploads\/2025\/05\/PUERTASLIDER-400x200.jpg 400w\" sizes=\"(max-width: 1024px) 100vw, 1024px\" \/><\/figure>\n<\/figure>\n\n\n\n<div class=\"wp-block-buttons is-layout-flex wp-block-buttons-is-layout-flex\">\n<div class=\"wp-block-button\"><a class=\"wp-block-button__link wp-element-button\" style=\"border-radius:14px\">MAS INFORMACION<\/a><\/div>\n<\/div>\n\n\n\n<h2 class=\"wp-block-heading has-large-font-size\">Informaci\u00f3n b\u00e1sica de contacto:<\/h2>\n\n\n\n<p><strong>Direcci\u00f3n<\/strong>: SOCCA<\/p>\n\n\n\n<p class=\"has-normal-font-size\"><strong>Email<\/strong>:&nbsp;tupaqkatari@hotmail.com<\/p>\n\n\n\n<p><strong>Tel\u00e9fono<\/strong>: 973312720:<\/p>\n\n\n\n<p class=\"has-normal-font-size\"><strong>P\u00e1gina web<\/strong>: TUPAQ KATARI<\/p>\n\n\n\n<div class=\"wp-block-columns is-layout-flex wp-container-core-columns-is-layout-9d6595d7 wp-block-columns-is-layout-flex\">\n<div class=\"wp-block-column is-layout-flow wp-block-column-is-layout-flow\">\n<p class=\"has-text-align-center has-normal-font-size\"><strong>Compromiso con la Identidad Cultural Aymara<\/strong><\/p>\n\n\n<div class=\"wp-block-image\">\n<figure class=\"aligncenter size-full is-resized\"><img decoding=\"async\" width=\"225\" height=\"225\" src=\"http:\/\/www.fredy.innovaiestp.org\/wp-content\/uploads\/2025\/05\/tupaq-katari.jpg\" alt=\"\" class=\"wp-image-151\" style=\"width:163px;height:auto\" srcset=\"https:\/\/www.fredy.innovaiestp.org\/wp-content\/uploads\/2025\/05\/tupaq-katari.jpg 225w, https:\/\/www.fredy.innovaiestp.org\/wp-content\/uploads\/2025\/05\/tupaq-katari-150x150.jpg 150w\" sizes=\"(max-width: 225px) 100vw, 225px\" \/><\/figure><\/div>\n\n\n<p class=\"has-text-align-center\">El colegio lleva el nombre de&nbsp;<strong>T\u00fapac Katari<\/strong>, un l\u00edder hist\u00f3rico aymara que simboliza la resistencia y lucha por los derechos de los pueblos originarios. Esto refleja el fuerte v\u00ednculo de la instituci\u00f3n con la&nbsp;<strong>identidad cultural local<\/strong>.<br>A trav\u00e9s de actividades c\u00edvicas, celebraciones tradicionales y ense\u00f1anza de valores, el colegio&nbsp;<strong>fortalece el orgullo cultural<\/strong>&nbsp;de sus estudiantes y promueve el respeto por sus ra\u00edces.<\/p>\n<\/div>\n\n\n\n<div class=\"wp-block-column is-layout-flow wp-block-column-is-layout-flow\">\n<p class=\"has-text-align-center has-normal-font-size\"><strong>Modelo Educativo de Jornada Escolar Completa (JEC)<\/strong><\/p>\n\n\n\n<figure class=\"wp-block-image size-full\"><img loading=\"lazy\" decoding=\"async\" width=\"275\" height=\"183\" src=\"http:\/\/www.fredy.innovaiestp.org\/wp-content\/uploads\/2025\/05\/aulas.jpg\" alt=\"\" class=\"wp-image-113\"\/><\/figure>\n\n\n\n<p class=\"has-text-align-center\">El Colegio T\u00fapac Katari es parte del modelo&nbsp;<strong>Jornada Escolar Completa<\/strong>, lo que significa que los estudiantes reciben m\u00e1s horas de clase cada semana.<br>Este enfoque permite:<\/p>\n\n\n\n<ul class=\"wp-block-list\">\n<li>Mayor profundidad en el desarrollo de materias como matem\u00e1ticas, comunicaci\u00f3n e ingl\u00e9s.<\/li>\n<\/ul>\n<\/div>\n\n\n\n<div class=\"wp-block-column is-layout-flow wp-block-column-is-layout-flow\">\n<p class=\"has-text-align-center has-normal-font-size\"><strong>Rol Activo en la Comunidad de Villa Socca<\/strong><\/p>\n\n\n<div class=\"wp-block-image\">\n<figure class=\"aligncenter size-full is-resized\"><img loading=\"lazy\" decoding=\"async\" width=\"259\" height=\"194\" src=\"http:\/\/www.fredy.innovaiestp.org\/wp-content\/uploads\/2025\/05\/desfile.jpg\" alt=\"\" class=\"wp-image-118\" style=\"width:219px;height:auto\"\/><\/figure><\/div>\n\n\n<p class=\"has-text-align-center\">Este colegio no solo forma estudiantes, sino que tambi\u00e9n&nbsp;<strong>cumple un rol social y c\u00edvico muy importante<\/strong>&nbsp;en la comunidad.<br>Participa en actos p\u00fablicos, organiza ceremonias significativas como las graduaciones, y es considerado un centro de encuentro para la poblaci\u00f3n.<br>Esto demuestra que el colegio&nbsp;<strong>es un pilar para el desarrollo local<\/strong>, impulsando el progreso educativo y social del centro poblado de Villa Socca.<\/p>\n<\/div>\n<\/div>\n\n\n\n<p class=\"has-text-align-center\"><strong><a href=\"https:\/\/es.wikipedia.org\/wiki\/T%C3%BApac_Katari\">Juli\u00e1n Apaza Nina, m\u00e1s conocido como&nbsp;T\u00fapac Katari,&nbsp;T\u00fapaq Katari,&nbsp;o simplemente&nbsp;Katari&nbsp;<\/a><\/strong><\/p>\n\n\n\n<p><a href=\"https:\/\/www.fredy.innovaiestp.org\/index.php\/sobre-nosotros\/\" data-type=\"page\" data-id=\"10\">QUIENES SOMOS<\/a><\/p>\n\n\n\n<p><a href=\"https:\/\/www.fredy.innovaiestp.org\/index.php\/3-2\/\" data-type=\"page\" data-id=\"33\">NUESTRA ACTUALI3_ACTUALIDADDAD EN LA EDUCACION<\/a><\/p>\n\n\n\n<p><a href=\"https:\/\/www.fredy.innovaiestp.org\/index.php\/5-2\/\" data-type=\"page\" data-id=\"37\">MINEDU<\/a><\/p>\n\n\n\n<div class=\"wp-block-buttons is-layout-flex wp-block-buttons-is-layout-flex\">\n<div class=\"wp-block-button\"><a class=\"wp-block-button__link has-red-background-color has-background wp-element-button\" href=\"https:\/\/www.fredy.innovaiestp.org\/\" style=\"border-radius:51px\">VOLVER A INICIO<\/a><\/div>\n<\/div>\n","protected":false},"excerpt":{"rendered":"<p>Colegio TUPAQ KATARI (Centro Educativo en PUNO) La instituci\u00f3n educativa (IE) TUPAQ KATARI es un centro educativo del departamento de PUNO que pertenece a la poblaci\u00f3n , este colegio se encuentra en la Gerencia Regional de Educaci\u00f3n DRE PUNO, el c\u00f3digo de la instituci\u00f3n es 442828 y se encuentra bajo la supervisi\u00f3n de la UGEL [&hellip;]<\/p>\n","protected":false},"author":1,"featured_media":128,"parent":0,"menu_order":0,"comment_status":"closed","ping_status":"closed","template":"","meta":{"footnotes":""},"class_list":["post-57","page","type-page","status-publish","has-post-thumbnail","hentry"],"yoast_head":"<!-- This site is optimized with the Yoast SEO plugin v25.1 - https:\/\/yoast.com\/wordpress\/plugins\/seo\/ -->\n<title>1_INICIO - INSTITUCION EDUCATIVA TUPAQ KATARI SOCCA<\/title>\n<meta name=\"robots\" content=\"index, follow, max-snippet:-1, max-image-preview:large, max-video-preview:-1\" \/>\n<link rel=\"canonical\" href=\"https:\/\/www.fredy.innovaiestp.org\/index.php\/inicio-2\/\" \/>\n<meta property=\"og:locale\" content=\"es_ES\" \/>\n<meta property=\"og:type\" content=\"article\" \/>\n<meta property=\"og:title\" content=\"1_INICIO - INSTITUCION EDUCATIVA TUPAQ KATARI SOCCA\" \/>\n<meta property=\"og:description\" content=\"Colegio TUPAQ KATARI (Centro Educativo en PUNO) La instituci\u00f3n educativa (IE) TUPAQ KATARI es un centro educativo del departamento de PUNO que pertenece a la poblaci\u00f3n , este colegio se encuentra en la Gerencia Regional de Educaci\u00f3n DRE PUNO, el c\u00f3digo de la instituci\u00f3n es 442828 y se encuentra bajo la supervisi\u00f3n de la UGEL [&hellip;]\" \/>\n<meta property=\"og:url\" content=\"https:\/\/www.fredy.innovaiestp.org\/index.php\/inicio-2\/\" \/>\n<meta property=\"og:site_name\" content=\"INSTITUCION EDUCATIVA TUPAQ KATARI SOCCA\" \/>\n<meta property=\"article:modified_time\" content=\"2025-05-27T03:40:04+00:00\" \/>\n<meta property=\"og:image\" content=\"https:\/\/www.fredy.innovaiestp.org\/wp-content\/uploads\/2025\/05\/slider-1.jpg\" \/>\n\t<meta property=\"og:image:width\" content=\"1085\" \/>\n\t<meta property=\"og:image:height\" content=\"400\" \/>\n\t<meta property=\"og:image:type\" content=\"image\/jpeg\" \/>\n<meta name=\"twitter:card\" content=\"summary_large_image\" \/>\n<meta name=\"twitter:label1\" content=\"Tiempo de lectura\" \/>\n\t<meta name=\"twitter:data1\" content=\"3 minutos\" \/>\n<script type=\"application\/ld+json\" class=\"yoast-schema-graph\">{\"@context\":\"https:\/\/schema.org\",\"@graph\":[{\"@type\":\"WebPage\",\"@id\":\"https:\/\/www.fredy.innovaiestp.org\/index.php\/inicio-2\/\",\"url\":\"https:\/\/www.fredy.innovaiestp.org\/index.php\/inicio-2\/\",\"name\":\"1_INICIO - INSTITUCION EDUCATIVA TUPAQ KATARI SOCCA\",\"isPartOf\":{\"@id\":\"https:\/\/www.fredy.innovaiestp.org\/#website\"},\"primaryImageOfPage\":{\"@id\":\"https:\/\/www.fredy.innovaiestp.org\/index.php\/inicio-2\/#primaryimage\"},\"image\":{\"@id\":\"https:\/\/www.fredy.innovaiestp.org\/index.php\/inicio-2\/#primaryimage\"},\"thumbnailUrl\":\"https:\/\/www.fredy.innovaiestp.org\/wp-content\/uploads\/2025\/05\/slider-1.jpg\",\"datePublished\":\"2025-05-19T10:11:31+00:00\",\"dateModified\":\"2025-05-27T03:40:04+00:00\",\"breadcrumb\":{\"@id\":\"https:\/\/www.fredy.innovaiestp.org\/index.php\/inicio-2\/#breadcrumb\"},\"inLanguage\":\"es\",\"potentialAction\":[{\"@type\":\"ReadAction\",\"target\":[\"https:\/\/www.fredy.innovaiestp.org\/index.php\/inicio-2\/\"]}]},{\"@type\":\"ImageObject\",\"inLanguage\":\"es\",\"@id\":\"https:\/\/www.fredy.innovaiestp.org\/index.php\/inicio-2\/#primaryimage\",\"url\":\"https:\/\/www.fredy.innovaiestp.org\/wp-content\/uploads\/2025\/05\/slider-1.jpg\",\"contentUrl\":\"https:\/\/www.fredy.innovaiestp.org\/wp-content\/uploads\/2025\/05\/slider-1.jpg\",\"width\":1085,\"height\":400},{\"@type\":\"BreadcrumbList\",\"@id\":\"https:\/\/www.fredy.innovaiestp.org\/index.php\/inicio-2\/#breadcrumb\",\"itemListElement\":[{\"@type\":\"ListItem\",\"position\":1,\"name\":\"Portada\",\"item\":\"https:\/\/www.fredy.innovaiestp.org\/\"},{\"@type\":\"ListItem\",\"position\":2,\"name\":\"1_INICIO\"}]},{\"@type\":\"WebSite\",\"@id\":\"https:\/\/www.fredy.innovaiestp.org\/#website\",\"url\":\"https:\/\/www.fredy.innovaiestp.org\/\",\"name\":\"INSTITUCION EDUCATIVA TUPAQ KATARI SOCCA\",\"description\":\"Colegio de jornada escolar completa (jec) es una pol\u00edtica educativa implementada por el Ministerio de Educaci\u00f3n del Per\u00fa desde el a\u00f1o 2015. Su objetivo principal es mejorar la calidad del aprendizaje en las instituciones educativas p\u00fablicas de nivel secundario.\",\"publisher\":{\"@id\":\"https:\/\/www.fredy.innovaiestp.org\/#organization\"},\"potentialAction\":[{\"@type\":\"SearchAction\",\"target\":{\"@type\":\"EntryPoint\",\"urlTemplate\":\"https:\/\/www.fredy.innovaiestp.org\/?s={search_term_string}\"},\"query-input\":{\"@type\":\"PropertyValueSpecification\",\"valueRequired\":true,\"valueName\":\"search_term_string\"}}],\"inLanguage\":\"es\"},{\"@type\":\"Organization\",\"@id\":\"https:\/\/www.fredy.innovaiestp.org\/#organization\",\"name\":\"INSTITUCION EDUCATIVA TUPAQ KATARI SOCCA\",\"url\":\"https:\/\/www.fredy.innovaiestp.org\/\",\"logo\":{\"@type\":\"ImageObject\",\"inLanguage\":\"es\",\"@id\":\"https:\/\/www.fredy.innovaiestp.org\/#\/schema\/logo\/image\/\",\"url\":\"https:\/\/www.fredy.innovaiestp.org\/wp-content\/uploads\/2025\/05\/cropped-insignia-tk-1.png\",\"contentUrl\":\"https:\/\/www.fredy.innovaiestp.org\/wp-content\/uploads\/2025\/05\/cropped-insignia-tk-1.png\",\"width\":50,\"height\":50,\"caption\":\"INSTITUCION EDUCATIVA TUPAQ KATARI SOCCA\"},\"image\":{\"@id\":\"https:\/\/www.fredy.innovaiestp.org\/#\/schema\/logo\/image\/\"}}]}<\/script>\n<!-- \/ Yoast SEO plugin. -->","yoast_head_json":{"title":"1_INICIO - INSTITUCION EDUCATIVA TUPAQ KATARI SOCCA","robots":{"index":"index","follow":"follow","max-snippet":"max-snippet:-1","max-image-preview":"max-image-preview:large","max-video-preview":"max-video-preview:-1"},"canonical":"https:\/\/www.fredy.innovaiestp.org\/index.php\/inicio-2\/","og_locale":"es_ES","og_type":"article","og_title":"1_INICIO - INSTITUCION EDUCATIVA TUPAQ KATARI SOCCA","og_description":"Colegio TUPAQ KATARI (Centro Educativo en PUNO) La instituci\u00f3n educativa (IE) TUPAQ KATARI es un centro educativo del departamento de PUNO que pertenece a la poblaci\u00f3n , este colegio se encuentra en la Gerencia Regional de Educaci\u00f3n DRE PUNO, el c\u00f3digo de la instituci\u00f3n es 442828 y se encuentra bajo la supervisi\u00f3n de la UGEL [&hellip;]","og_url":"https:\/\/www.fredy.innovaiestp.org\/index.php\/inicio-2\/","og_site_name":"INSTITUCION EDUCATIVA TUPAQ KATARI SOCCA","article_modified_time":"2025-05-27T03:40:04+00:00","og_image":[{"width":1085,"height":400,"url":"https:\/\/www.fredy.innovaiestp.org\/wp-content\/uploads\/2025\/05\/slider-1.jpg","type":"image\/jpeg"}],"twitter_card":"summary_large_image","twitter_misc":{"Tiempo de lectura":"3 minutos"},"schema":{"@context":"https:\/\/schema.org","@graph":[{"@type":"WebPage","@id":"https:\/\/www.fredy.innovaiestp.org\/index.php\/inicio-2\/","url":"https:\/\/www.fredy.innovaiestp.org\/index.php\/inicio-2\/","name":"1_INICIO - INSTITUCION EDUCATIVA TUPAQ KATARI SOCCA","isPartOf":{"@id":"https:\/\/www.fredy.innovaiestp.org\/#website"},"primaryImageOfPage":{"@id":"https:\/\/www.fredy.innovaiestp.org\/index.php\/inicio-2\/#primaryimage"},"image":{"@id":"https:\/\/www.fredy.innovaiestp.org\/index.php\/inicio-2\/#primaryimage"},"thumbnailUrl":"https:\/\/www.fredy.innovaiestp.org\/wp-content\/uploads\/2025\/05\/slider-1.jpg","datePublished":"2025-05-19T10:11:31+00:00","dateModified":"2025-05-27T03:40:04+00:00","breadcrumb":{"@id":"https:\/\/www.fredy.innovaiestp.org\/index.php\/inicio-2\/#breadcrumb"},"inLanguage":"es","potentialAction":[{"@type":"ReadAction","target":["https:\/\/www.fredy.innovaiestp.org\/index.php\/inicio-2\/"]}]},{"@type":"ImageObject","inLanguage":"es","@id":"https:\/\/www.fredy.innovaiestp.org\/index.php\/inicio-2\/#primaryimage","url":"https:\/\/www.fredy.innovaiestp.org\/wp-content\/uploads\/2025\/05\/slider-1.jpg","contentUrl":"https:\/\/www.fredy.innovaiestp.org\/wp-content\/uploads\/2025\/05\/slider-1.jpg","width":1085,"height":400},{"@type":"BreadcrumbList","@id":"https:\/\/www.fredy.innovaiestp.org\/index.php\/inicio-2\/#breadcrumb","itemListElement":[{"@type":"ListItem","position":1,"name":"Portada","item":"https:\/\/www.fredy.innovaiestp.org\/"},{"@type":"ListItem","position":2,"name":"1_INICIO"}]},{"@type":"WebSite","@id":"https:\/\/www.fredy.innovaiestp.org\/#website","url":"https:\/\/www.fredy.innovaiestp.org\/","name":"INSTITUCION EDUCATIVA TUPAQ KATARI SOCCA","description":"Colegio de jornada escolar completa (jec) es una pol\u00edtica educativa implementada por el Ministerio de Educaci\u00f3n del Per\u00fa desde el a\u00f1o 2015. Su objetivo principal es mejorar la calidad del aprendizaje en las instituciones educativas p\u00fablicas de nivel secundario.","publisher":{"@id":"https:\/\/www.fredy.innovaiestp.org\/#organization"},"potentialAction":[{"@type":"SearchAction","target":{"@type":"EntryPoint","urlTemplate":"https:\/\/www.fredy.innovaiestp.org\/?s={search_term_string}"},"query-input":{"@type":"PropertyValueSpecification","valueRequired":true,"valueName":"search_term_string"}}],"inLanguage":"es"},{"@type":"Organization","@id":"https:\/\/www.fredy.innovaiestp.org\/#organization","name":"INSTITUCION EDUCATIVA TUPAQ KATARI SOCCA","url":"https:\/\/www.fredy.innovaiestp.org\/","logo":{"@type":"ImageObject","inLanguage":"es","@id":"https:\/\/www.fredy.innovaiestp.org\/#\/schema\/logo\/image\/","url":"https:\/\/www.fredy.innovaiestp.org\/wp-content\/uploads\/2025\/05\/cropped-insignia-tk-1.png","contentUrl":"https:\/\/www.fredy.innovaiestp.org\/wp-content\/uploads\/2025\/05\/cropped-insignia-tk-1.png","width":50,"height":50,"caption":"INSTITUCION EDUCATIVA TUPAQ KATARI SOCCA"},"image":{"@id":"https:\/\/www.fredy.innovaiestp.org\/#\/schema\/logo\/image\/"}}]}},"_links":{"self":[{"href":"https:\/\/www.fredy.innovaiestp.org\/index.php\/wp-json\/wp\/v2\/pages\/57","targetHints":{"allow":["GET"]}}],"collection":[{"href":"https:\/\/www.fredy.innovaiestp.org\/index.php\/wp-json\/wp\/v2\/pages"}],"about":[{"href":"https:\/\/www.fredy.innovaiestp.org\/index.php\/wp-json\/wp\/v2\/types\/page"}],"author":[{"embeddable":true,"href":"https:\/\/www.fredy.innovaiestp.org\/index.php\/wp-json\/wp\/v2\/users\/1"}],"replies":[{"embeddable":true,"href":"https:\/\/www.fredy.innovaiestp.org\/index.php\/wp-json\/wp\/v2\/comments?post=57"}],"version-history":[{"count":22,"href":"https:\/\/www.fredy.innovaiestp.org\/index.php\/wp-json\/wp\/v2\/pages\/57\/revisions"}],"predecessor-version":[{"id":310,"href":"https:\/\/www.fredy.innovaiestp.org\/index.php\/wp-json\/wp\/v2\/pages\/57\/revisions\/310"}],"wp:featuredmedia":[{"embeddable":true,"href":"https:\/\/www.fredy.innovaiestp.org\/index.php\/wp-json\/wp\/v2\/media\/128"}],"wp:attachment":[{"href":"https:\/\/www.fredy.innovaiestp.org\/index.php\/wp-json\/wp\/v2\/media?parent=57"}],"curies":[{"name":"wp","href":"https:\/\/api.w.org\/{rel}","templated":true}]}}